{"id":29575,"date":"2020-04-28T16:43:51","date_gmt":"2020-04-28T14:43:51","guid":{"rendered":"https:\/\/itao.ch\/?page_id=29575"},"modified":"2025-12-17T09:59:16","modified_gmt":"2025-12-17T08:59:16","slug":"prevenzione-2","status":"publish","type":"page","link":"https:\/\/itao.ch\/it\/prevenzione-2\/","title":{"rendered":"Prevenzione"},"content":{"rendered":"<div class=\"row row-collapse row-full-width align-middle\"  id=\"row-1481839277\">\n\n\n\t<div id=\"col-1693952125\" class=\"col medium-6 small-12 large-6\"  >\n\t\t\t\t<div class=\"col-inner text-left\"  >\n\t\t\t\n\t\t\t\n\n\t<div id=\"gap-1509782124\" class=\"gap-element clearfix\" style=\"display:block; height:auto;\">\n\t\t\n<style>\n#gap-1509782124 {\n  padding-top: 40px;\n}\n<\/style>\n\t<\/div>\n\t\n\n<h2>Analisi dell\u2019equilibrio e della postura<\/h2>\n<div class=\"is-divider divider clearfix\" style=\"margin-top:1em;margin-bottom:1em;max-width:40px;height:2px;\"><\/div>\n\n<p>Costruite sull\u2019equilibrio dei vostri collaboratori offrendo loro la possibilit\u00e0 di realizzare, in soli 3 minuti, il bilancio del loro equilibrio posturale.<\/p>\n\t<div id=\"gap-1149903896\" class=\"gap-element clearfix\" style=\"display:block; height:auto;\">\n\t\t\n<style>\n#gap-1149903896 {\n  padding-top: 20px;\n}\n<\/style>\n\t<\/div>\n\t\n\n\n\t\t<div class=\"tabbed-content\">\n\t\t\t\n\t\t\t<ul class=\"nav nav-divided nav-normal nav-size-large nav-left\" role=\"tablist\"><li id=\"tab-obiettivi\" class=\"tab active has-icon\" role=\"presentation\"><a href=\"#tab_obiettivi\" role=\"tab\" aria-selected=\"true\" aria-controls=\"tab_obiettivi\"><span>Obiettivi<\/span><\/a><\/li>\n<li id=\"tab-informazioni-pratiche\" class=\"tab has-icon\" role=\"presentation\"><a href=\"#tab_informazioni-pratiche\" tabindex=\"-1\" role=\"tab\" aria-selected=\"false\" aria-controls=\"tab_informazioni-pratiche\"><span>Informazioni pratiche<\/span><\/a><\/li>\n<li id=\"tab-video\" class=\"tab has-icon\" role=\"presentation\"><a href=\"#tab_video\" tabindex=\"-1\" role=\"tab\" aria-selected=\"false\" aria-controls=\"tab_video\"><span>Video<\/span><\/a><\/li><\/ul><div class=\"tab-panels\"><div id=\"tab_obiettivi\" class=\"panel active entry-content\" role=\"tabpanel\" aria-labelledby=\"tab-obiettivi\">\n\n<ul>\n<li>Offrire un divertente test di stabilit\u00e0 posturale e fornire informazioni sulla qualit\u00e0 della postura.<\/li>\n<li>Trasmettere un rapporto personalizzato e confidenziale che include consigli su come migliorare e punteggi a scopo di comparazione.<\/li>\n<li>Offrire un approccio scientifico e divertente ispirato all&#8217;esperienza offerta dalla piattaforma Wii di Nintendo.<\/li>\n<li>Sviluppare una cultura dell&#8217;equilibrio all&#8217;interno dell&#8217;azienda attraverso un approccio partecipativo.<\/li>\n<\/ul>\n\n<\/div>\n<div id=\"tab_informazioni-pratiche\" class=\"panel entry-content\" role=\"tabpanel\" aria-labelledby=\"tab-informazioni-pratiche\">\n\n<ul>\n<li style=\"font-weight: 400;\">Numero di partecipanti: circa 100 persone al giorno<\/li>\n<li style=\"font-weight: 400;\">Durata per partecipante: circa 3 minuti<\/li>\n<li style=\"font-weight: 400;\">Luogo: presso i vostri locali o in uno spazio dedicato<\/li>\n<li style=\"font-weight: 400;\">Superficie necessaria: minimo 12 m\u00b2<\/li>\n<li style=\"font-weight: 400;\">Lingua: francese, tedesco, inglese, italiano<\/li>\n<\/ul>\n\n<\/div>\n<div id=\"tab_video\" class=\"panel entry-content\" role=\"tabpanel\" aria-labelledby=\"tab-video\">\n\n<div class=\"video video-fit mb\" style=\"padding-top:56.25%;\"><iframe loading=\"lazy\" title=\"Miglior equilibrio per una migliore salute e sicurezza - ITAO SA\" width=\"1020\" height=\"574\" src=\"https:\/\/www.youtube.com\/embed\/KgUIkDFh3wA?feature=oembed\" frameborder=\"0\" allow=\"accelerometer; autoplay; clipboard-write; encrypted-media; gyroscope; picture-in-picture; web-share\" referrerpolicy=\"strict-origin-when-cross-origin\" allowfullscreen><\/iframe><\/div>\n\n\n<\/div><\/div><\/div>\n\t<div id=\"gap-687567467\" class=\"gap-element clearfix\" style=\"display:block; height:auto;\">\n\t\t\n<style>\n#gap-687567467 {\n  padding-top: 40px;\n}\n<\/style>\n\t<\/div>\n\t\n\n\n\t\t<\/div>\n\t\t\t\t\n<style>\n#col-1693952125 > .col-inner {\n  padding: 0% 10% 0% 10%;\n}\n<\/style>\n\t<\/div>\n\n\t\n\n\t<div id=\"col-2129065431\" class=\"col medium-6 small-12 large-6 small-col-first\"  >\n\t\t\t\t<div class=\"col-inner text-center\"  >\n\t\t\t\n\t\t\t\n\n\n  <div class=\"banner has-hover has-parallax\" id=\"banner-812845582\">\n          <div class=\"banner-inner fill\">\n        <div class=\"banner-bg fill\" data-parallax=\"-3\" data-parallax-container=\".banner\" data-parallax-background>\n            <img loading=\"lazy\" decoding=\"async\" width=\"1020\" height=\"765\" src=\"https:\/\/itao.ch\/wp-content\/uploads\/3-1024x768.png\" class=\"bg attachment-large size-large\" alt=\"\" \/>                                    \n                    <\/div>\n\t\t\n        <div class=\"banner-layers container\">\n            <div class=\"fill banner-link\"><\/div>            \n\n\n        <\/div>\n      <\/div>\n\n            \n<style>\n#banner-812845582 {\n  padding-top: 80%;\n  background-color: rgb(255,255,255);\n}\n#banner-812845582 .banner-bg img {\n  object-position: 55% 45%;\n}\n<\/style>\n  <\/div>\n\n\n\n\t\t<\/div>\n\t\t\t\t\t<\/div>\n\n\t\n\n<\/div>\n<div class=\"row row-collapse row-full-width align-middle\"  id=\"row-264222754\">\n\n\n\t<div id=\"col-826878707\" class=\"col medium-6 small-12 large-6 small-col-first\"  >\n\t\t\t\t<div class=\"col-inner text-center\"  >\n\t\t\t\n\t\t\t\n\n\n  <div class=\"banner has-hover has-parallax\" id=\"banner-481722626\">\n          <div class=\"banner-inner fill\">\n        <div class=\"banner-bg fill\" data-parallax=\"-3\" data-parallax-container=\".banner\" data-parallax-background>\n            <img loading=\"lazy\" decoding=\"async\" width=\"1020\" height=\"765\" src=\"https:\/\/itao.ch\/wp-content\/uploads\/IMG_7195-1024x768.jpg\" class=\"bg attachment-large size-large\" alt=\"\" \/>                                    \n                    <\/div>\n\t\t\n        <div class=\"banner-layers container\">\n            <div class=\"fill banner-link\"><\/div>            \n\n\n        <\/div>\n      <\/div>\n\n            \n<style>\n#banner-481722626 {\n  padding-top: 80%;\n  background-color: rgb(255,255,255);\n}\n#banner-481722626 .banner-bg img {\n  object-position: 0% 24%;\n}\n<\/style>\n  <\/div>\n\n\n\n\t\t<\/div>\n\t\t\t\t\t<\/div>\n\n\t\n\n\t<div id=\"col-318996300\" class=\"col medium-6 small-12 large-6\"  >\n\t\t\t\t<div class=\"col-inner text-left\"  >\n\t\t\t\n\t\t\t\n\n\t<div id=\"gap-1950535679\" class=\"gap-element clearfix\" style=\"display:block; height:auto;\">\n\t\t\n<style>\n#gap-1950535679 {\n  padding-top: 40px;\n}\n<\/style>\n\t<\/div>\n\t\n\n<h2>Laboratorio &#8220;Equilibro e attenzione&#8221; in movimento<\/h2>\n<div class=\"is-divider divider clearfix\" style=\"margin-top:1em;margin-bottom:1em;max-width:40px;height:2px;\"><\/div>\n\n<p>Offrite ai vostri collaboratori un laboratorio che combina pratica e teoria.<\/p>\n\t<div id=\"gap-904726026\" class=\"gap-element clearfix\" style=\"display:block; height:auto;\">\n\t\t\n<style>\n#gap-904726026 {\n  padding-top: 20px;\n}\n<\/style>\n\t<\/div>\n\t\n\n\n\t\t<div class=\"tabbed-content\">\n\t\t\t\n\t\t\t<ul class=\"nav nav-divided nav-normal nav-size-large nav-left\" role=\"tablist\"><li id=\"tab-obiettivi\" class=\"tab active has-icon\" role=\"presentation\"><a href=\"#tab_obiettivi\" role=\"tab\" aria-selected=\"true\" aria-controls=\"tab_obiettivi\"><span>Obiettivi<\/span><\/a><\/li>\n<li id=\"tab-informazioni-pratiche\" class=\"tab has-icon\" role=\"presentation\"><a href=\"#tab_informazioni-pratiche\" tabindex=\"-1\" role=\"tab\" aria-selected=\"false\" aria-controls=\"tab_informazioni-pratiche\"><span>Informazioni pratiche<\/span><\/a><\/li>\n<li id=\"tab-video\" class=\"tab has-icon\" role=\"presentation\"><a href=\"#tab_video\" tabindex=\"-1\" role=\"tab\" aria-selected=\"false\" aria-controls=\"tab_video\"><span>Video<\/span><\/a><\/li><\/ul><div class=\"tab-panels\"><div id=\"tab_obiettivi\" class=\"panel active entry-content\" role=\"tabpanel\" aria-labelledby=\"tab-obiettivi\">\n\n<ul>\n<li>Sensibilizzare i collaboratori sull\u2019importanza dell\u2019equilibrio e dell\u2019attenzione<\/li>\n<li>Aumentare la consapevolezza di questi due parametri fondamentali per ridurre il rischio di infortuni professionali e non professionali legati alla disattenzione<\/li>\n<li>Proporre un metodo semplice per prevenire incidenti, dolori alla schiena e stress<\/li>\n<li>Fornire strumenti pratici per integrare quanto appreso nella vita quotidiana<\/li>\n<\/ul>\n\n<\/div>\n<div id=\"tab_informazioni-pratiche\" class=\"panel entry-content\" role=\"tabpanel\" aria-labelledby=\"tab-informazioni-pratiche\">\n\n<ul>\n<li data-start=\"0\" data-end=\"84\">Numero di partecipanti: da 2 a 8 persone per atelier (circa 100 persone al giorno)<\/li>\n<li data-start=\"0\" data-end=\"84\">Durata di un atelier: circa 20 minuti<\/li>\n<li data-start=\"0\" data-end=\"84\">Luogo: presso i vostri locali o in uno spazio dedicato<\/li>\n<li data-start=\"0\" data-end=\"84\">Superficie necessaria: da 30 a 50 m\u00b2<\/li>\n<li data-start=\"0\" data-end=\"84\">Lingua: francese, tedesco, inglese, italiano<\/li>\n<\/ul>\n\n<\/div>\n<div id=\"tab_video\" class=\"panel entry-content\" role=\"tabpanel\" aria-labelledby=\"tab-video\">\n\n<div class=\"video video-fit mb\" style=\"padding-top:56.25%;\"><p><iframe loading=\"lazy\" title=\"L&#039;\u00e9quilibre pour pr\u00e9server sa sant\u00e9 et am\u00e9lior\u00e9 son bien-\u00eatre\" width=\"1020\" height=\"574\" src=\"https:\/\/www.youtube.com\/embed\/J-0khkmuTOY?feature=oembed\" frameborder=\"0\" allow=\"accelerometer; autoplay; clipboard-write; encrypted-media; gyroscope; picture-in-picture; web-share\" referrerpolicy=\"strict-origin-when-cross-origin\" allowfullscreen><\/iframe><\/p>\n<\/div>\n\n\n<\/div><\/div><\/div>\n\t<div id=\"gap-1405559529\" class=\"gap-element clearfix\" style=\"display:block; height:auto;\">\n\t\t\n<style>\n#gap-1405559529 {\n  padding-top: 40px;\n}\n<\/style>\n\t<\/div>\n\t\n\n\n\t\t<\/div>\n\t\t\t\t\n<style>\n#col-318996300 > .col-inner {\n  padding: 0% 10% 0% 10%;\n}\n<\/style>\n\t<\/div>\n\n\t\n\n<\/div>\n<div class=\"row row-collapse row-full-width align-middle\"  id=\"row-2034375664\">\n\n\n\t<div id=\"col-691872868\" class=\"col medium-6 small-12 large-6\"  >\n\t\t\t\t<div class=\"col-inner text-left\"  >\n\t\t\t\n\t\t\t\n\n\t<div id=\"gap-1711358486\" class=\"gap-element clearfix\" style=\"display:block; height:auto;\">\n\t\t\n<style>\n#gap-1711358486 {\n  padding-top: 40px;\n}\n<\/style>\n\t<\/div>\n\t\n\n<h2 id=\"mind\">Gestione dello stress<\/h2>\n<div class=\"is-divider divider clearfix\" style=\"margin-top:1em;margin-bottom:1em;max-width:40px;height:2px;\"><\/div>\n\n<p>Il corso di formazione, che si articola in diverse fasi per ottenere un cambiamento duraturo dei comportamenti, inizia con un workshop di sensibilizzazione. L\u2019obiettivo principale \u00e8 dare un significato all\u2019approccio e generare motivazione. Nella seconda fase, i partecipanti vengono supportati nel cambiamento del loro comportamento, mentre la fase di follow-up annuale aiuta a mantenere la motivazione e a integrare i nuovi dipendenti nell\u2019approccio.<\/p>\n\t<div id=\"gap-601822688\" class=\"gap-element clearfix\" style=\"display:block; height:auto;\">\n\t\t\n<style>\n#gap-601822688 {\n  padding-top: 20px;\n}\n<\/style>\n\t<\/div>\n\t\n\n\t<div id=\"gap-1849740480\" class=\"gap-element clearfix\" style=\"display:block; height:auto;\">\n\t\t\n<style>\n#gap-1849740480 {\n  padding-top: 40px;\n}\n<\/style>\n\t<\/div>\n\t\n\n\n\t\t<div class=\"tabbed-content\">\n\t\t\t\n\t\t\t<ul class=\"nav nav-divided nav-normal nav-size-large nav-left\" role=\"tablist\"><li id=\"tab-obiettivi\" class=\"tab active has-icon\" role=\"presentation\"><a href=\"#tab_obiettivi\" role=\"tab\" aria-selected=\"true\" aria-controls=\"tab_obiettivi\"><span>Obiettivi<\/span><\/a><\/li>\n<li id=\"tab-informazioni-pratiche\" class=\"tab has-icon\" role=\"presentation\"><a href=\"#tab_informazioni-pratiche\" tabindex=\"-1\" role=\"tab\" aria-selected=\"false\" aria-controls=\"tab_informazioni-pratiche\"><span>Informazioni pratiche<\/span><\/a><\/li>\n<li id=\"tab-video\" class=\"tab has-icon\" role=\"presentation\"><a href=\"#tab_video\" tabindex=\"-1\" role=\"tab\" aria-selected=\"false\" aria-controls=\"tab_video\"><span>Video<\/span><\/a><\/li><\/ul><div class=\"tab-panels\"><div id=\"tab_obiettivi\" class=\"panel active entry-content\" role=\"tabpanel\" aria-labelledby=\"tab-obiettivi\">\n\n<ul>\n<li>Utilizzare la consapevolezza attiva per calmare il cuore e il sistema nervoso.<\/li>\n<li>Imparare tecniche di respirazione per scaricare lo stress e ridurre la pressione sanguigna<\/li>\n<li>Migliorare il benessere e la qualit\u00e0 del sonno<\/li>\n<li>Ridurre l\u2019assenteismo e migliorare l\u2019attrattiva dell\u2019azienda integrando un approccio divertente e stimolante alla \u201csalute, sicurezza e benessere sul lavoro\u201d.<\/li>\n<\/ul>\n\n<\/div>\n<div id=\"tab_informazioni-pratiche\" class=\"panel entry-content\" role=\"tabpanel\" aria-labelledby=\"tab-informazioni-pratiche\">\n\n<ul>\n<li>Numero di partecipanti: tra 65 e 85 persone per giornata di formazione<\/li>\n<li>Durata: diversi anni<\/li>\n<li>Luogo: presso la vostra sede<\/li>\n<li>Lingua: francese, tedesco, inglese, italiano<\/li>\n<li>Prezzi e dettagli: chiedeteci un preventivo gratuito e non vincolante.<\/li>\n<\/ul>\n\n<\/div>\n<div id=\"tab_video\" class=\"panel entry-content\" role=\"tabpanel\" aria-labelledby=\"tab-video\">\n\n<div class=\"video video-fit mb\" style=\"padding-top:56.25%;\"><p><iframe loading=\"lazy\" title=\"Preventing accidents and back pain\" width=\"1020\" height=\"574\" src=\"https:\/\/www.youtube.com\/embed\/XUHn-4oce0Q?feature=oembed\" frameborder=\"0\" allow=\"accelerometer; autoplay; clipboard-write; encrypted-media; gyroscope; picture-in-picture; web-share\" referrerpolicy=\"strict-origin-when-cross-origin\" allowfullscreen><\/iframe><\/p>\n<\/div>\n\n\n<\/div><\/div><\/div>\n\n\t\t<\/div>\n\t\t\t\t\n<style>\n#col-691872868 > .col-inner {\n  padding: 0% 10% 0% 10%;\n}\n<\/style>\n\t<\/div>\n\n\t\n\n\t<div id=\"col-2046293973\" class=\"col medium-6 small-12 large-6 small-col-first\"  >\n\t\t\t\t<div class=\"col-inner text-center\"  >\n\t\t\t\n\t\t\t\n\n\n  <div class=\"banner has-hover has-parallax\" id=\"banner-365759806\">\n          <div class=\"banner-inner fill\">\n        <div class=\"banner-bg fill\" data-parallax=\"-3\" data-parallax-container=\".banner\" data-parallax-background>\n            <img loading=\"lazy\" decoding=\"async\" width=\"1020\" height=\"574\" src=\"https:\/\/itao.ch\/wp-content\/uploads\/Presence-active-1024x576-1.jpg\" class=\"bg attachment-large size-large\" alt=\"\" \/>                                    \n                    <\/div>\n\t\t\n        <div class=\"banner-layers container\">\n            <div class=\"fill banner-link\"><\/div>            \n\n\n        <\/div>\n      <\/div>\n\n            \n<style>\n#banner-365759806 {\n  padding-top: 80%;\n  background-color: rgb(255,255,255);\n}\n#banner-365759806 .banner-bg img {\n  object-position: 53% 46%;\n}\n<\/style>\n  <\/div>\n\n\n\n\t\t<\/div>\n\t\t\t\t\t<\/div>\n\n\t\n\n<\/div>\n<div class=\"row row-collapse row-full-width align-middle\"  id=\"row-1771829963\">\n\n\n\t<div id=\"col-1578761162\" class=\"col medium-6 small-12 large-6 small-col-first\"  >\n\t\t\t\t<div class=\"col-inner text-center\"  >\n\t\t\t\n\t\t\t\n\n\n  <div class=\"banner has-hover has-parallax\" id=\"banner-2024933306\">\n          <div class=\"banner-inner fill\">\n        <div class=\"banner-bg fill\" data-parallax=\"-3\" data-parallax-container=\".banner\" data-parallax-background>\n            <img loading=\"lazy\" decoding=\"async\" width=\"1000\" height=\"563\" src=\"https:\/\/itao.ch\/wp-content\/uploads\/prevention-accident-1.jpg\" class=\"bg attachment-large size-large\" alt=\"\" \/>                                    \n                    <\/div>\n\t\t\n        <div class=\"banner-layers container\">\n            <div class=\"fill banner-link\"><\/div>            \n\n\n        <\/div>\n      <\/div>\n\n            \n<style>\n#banner-2024933306 {\n  padding-top: 80%;\n  background-color: rgb(255,255,255);\n}\n#banner-2024933306 .banner-bg img {\n  object-position: 36% 18%;\n}\n<\/style>\n  <\/div>\n\n\n\n\t\t<\/div>\n\t\t\t\t\t<\/div>\n\n\t\n\n\t<div id=\"col-1281432632\" class=\"col medium-6 small-12 large-6\"  >\n\t\t\t\t<div class=\"col-inner text-left\"  >\n\t\t\t\n\t\t\t\n\n\t<div id=\"gap-839938155\" class=\"gap-element clearfix\" style=\"display:block; height:auto;\">\n\t\t\n<style>\n#gap-839938155 {\n  padding-top: 40px;\n}\n<\/style>\n\t<\/div>\n\t\n\n<h2 id=\"backpain\">Riduzione del dolore alla schiena<\/h2>\n<div class=\"is-divider divider clearfix\" style=\"margin-top:1em;margin-bottom:1em;max-width:40px;height:2px;\"><\/div>\n\n<p>Il corso di formazione, che si articola in diverse fasi per ottenere un cambiamento duraturo dei comportamenti, inizia con un workshop di sensibilizzazione. L\u2019obiettivo principale \u00e8 dare un significato all\u2019approccio e generare motivazione. Nella seconda fase, i partecipanti vengono supportati nel cambiamento del loro comportamento, mentre la fase di follow-up annuale aiuta a mantenere la motivazione e a integrare i nuovi dipendenti nell\u2019approccio.<\/p>\n\t<div id=\"gap-1465536619\" class=\"gap-element clearfix\" style=\"display:block; height:auto;\">\n\t\t\n<style>\n#gap-1465536619 {\n  padding-top: 20px;\n}\n<\/style>\n\t<\/div>\n\t\n\n\n\t\t<div class=\"tabbed-content\">\n\t\t\t\n\t\t\t<ul class=\"nav nav-divided nav-normal nav-size-large nav-left\" role=\"tablist\"><li id=\"tab-obiettivi\" class=\"tab active has-icon\" role=\"presentation\"><a href=\"#tab_obiettivi\" role=\"tab\" aria-selected=\"true\" aria-controls=\"tab_obiettivi\"><span>Obiettivi<\/span><\/a><\/li>\n<li id=\"tab-informazioni-pratiche\" class=\"tab has-icon\" role=\"presentation\"><a href=\"#tab_informazioni-pratiche\" tabindex=\"-1\" role=\"tab\" aria-selected=\"false\" aria-controls=\"tab_informazioni-pratiche\"><span>Informazioni pratiche<\/span><\/a><\/li>\n<li id=\"tab-video\" class=\"tab has-icon\" role=\"presentation\"><a href=\"#tab_video\" tabindex=\"-1\" role=\"tab\" aria-selected=\"false\" aria-controls=\"tab_video\"><span>Video<\/span><\/a><\/li><\/ul><div class=\"tab-panels\"><div id=\"tab_obiettivi\" class=\"panel active entry-content\" role=\"tabpanel\" aria-labelledby=\"tab-obiettivi\">\n\n<ul>\n<li>Portare pi\u00f9 movimento nella vita quotidiana dei partecipanti<\/li>\n<li>Rafforzare i muscoli stabilizzatori e la flessibilit\u00e0 per ridurre il dolore acuto e cronico<\/li>\n<li>Migliorare l\u2019attenzione durante il trasporto di carichi per ridurre le lesioni causate da \u201cfalsi movimenti\u201d.<\/li>\n<li>Ridurre l\u2019assenteismo e migliorare l\u2019attrattiva dell\u2019azienda integrando un approccio divertente e stimolante alla \u201csalute, sicurezza e benessere sul lavoro\u201d.<\/li>\n<\/ul>\n\n<\/div>\n<div id=\"tab_informazioni-pratiche\" class=\"panel entry-content\" role=\"tabpanel\" aria-labelledby=\"tab-informazioni-pratiche\">\n\n<ul>\n<li>Numero di partecipanti: tra 65 e 85 persone per giornata di formazione<\/li>\n<li>Durata: diversi anni<\/li>\n<li>Luogo: presso la vostra sede<\/li>\n<li>Lingua: francese, tedesco, inglese, italiano<\/li>\n<li>Prezzi e dettagli: chiedeteci un preventivo gratuito e non vincolante.<\/li>\n<\/ul>\n\n<\/div>\n<div id=\"tab_video\" class=\"panel entry-content\" role=\"tabpanel\" aria-labelledby=\"tab-video\">\n\n<div class=\"video video-fit mb\" style=\"padding-top:56.25%;\"><p><iframe loading=\"lazy\" title=\"Preventing accidents and back pain\" width=\"1020\" height=\"574\" src=\"https:\/\/www.youtube.com\/embed\/XUHn-4oce0Q?feature=oembed\" frameborder=\"0\" allow=\"accelerometer; autoplay; clipboard-write; encrypted-media; gyroscope; picture-in-picture; web-share\" referrerpolicy=\"strict-origin-when-cross-origin\" allowfullscreen><\/iframe><\/p>\n<\/div>\n\n\n<\/div><\/div><\/div>\n\t<div id=\"gap-51162276\" class=\"gap-element clearfix\" style=\"display:block; height:auto;\">\n\t\t\n<style>\n#gap-51162276 {\n  padding-top: 40px;\n}\n<\/style>\n\t<\/div>\n\t\n\n\n\t\t<\/div>\n\t\t\t\t\n<style>\n#col-1281432632 > .col-inner {\n  padding: 0% 10% 0% 10%;\n}\n<\/style>\n\t<\/div>\n\n\t\n\n<\/div>\n<div class=\"row row-collapse row-full-width align-middle\"  id=\"row-1602021586\">\n\n\n\t<div id=\"col-742293033\" class=\"col medium-6 small-12 large-6\"  >\n\t\t\t\t<div class=\"col-inner text-left\"  >\n\t\t\t\n\t\t\t\n\n\t<div id=\"gap-1939628573\" class=\"gap-element clearfix\" style=\"display:block; height:auto;\">\n\t\t\n<style>\n#gap-1939628573 {\n  padding-top: 40px;\n}\n<\/style>\n\t<\/div>\n\t\n\n<h2>Prevenzione degli infortuni professionali e non professionali<\/h2>\n<div class=\"is-divider divider clearfix\" style=\"margin-top:1em;margin-bottom:1em;max-width:40px;height:2px;\"><\/div>\n\n<p>Il corso di formazione, che si articola in diverse fasi per ottenere un cambiamento duraturo dei comportamenti, inizia con un workshop di sensibilizzazione. L\u2019obiettivo principale \u00e8 dare un significato all\u2019approccio e generare motivazione. Nella seconda fase, i partecipanti vengono supportati nel cambiamento del loro comportamento, mentre la fase di follow-up annuale aiuta a mantenere la motivazione e a integrare i nuovi dipendenti nell\u2019approccio.<\/p>\n\t<div id=\"gap-1108039581\" class=\"gap-element clearfix\" style=\"display:block; height:auto;\">\n\t\t\n<style>\n#gap-1108039581 {\n  padding-top: 20px;\n}\n<\/style>\n\t<\/div>\n\t\n\n\n\t\t<div class=\"tabbed-content\">\n\t\t\t\n\t\t\t<ul class=\"nav nav-divided nav-normal nav-size-large nav-left\" role=\"tablist\"><li id=\"tab-obiettivi\" class=\"tab active has-icon\" role=\"presentation\"><a href=\"#tab_obiettivi\" role=\"tab\" aria-selected=\"true\" aria-controls=\"tab_obiettivi\"><span>Obiettivi<\/span><\/a><\/li>\n<li id=\"tab-informazioni-pratiche\" class=\"tab has-icon\" role=\"presentation\"><a href=\"#tab_informazioni-pratiche\" tabindex=\"-1\" role=\"tab\" aria-selected=\"false\" aria-controls=\"tab_informazioni-pratiche\"><span>Informazioni pratiche<\/span><\/a><\/li>\n<li id=\"tab-video\" class=\"tab has-icon\" role=\"presentation\"><a href=\"#tab_video\" tabindex=\"-1\" role=\"tab\" aria-selected=\"false\" aria-controls=\"tab_video\"><span>Video<\/span><\/a><\/li><\/ul><div class=\"tab-panels\"><div id=\"tab_obiettivi\" class=\"panel active entry-content\" role=\"tabpanel\" aria-labelledby=\"tab-obiettivi\">\n\n<ul>\n<li>Migliorare l\u2019attenzione e la vigilanza grazie a una maggiore presenza sul momento<\/li>\n<li>Rafforzare la stabilit\u00e0 posturale e affinare i riflessi per ridurre il rischio di cadute.<\/li>\n<li>Aumentare la flessibilit\u00e0 e il tono muscolare per ridurre i disturbi muscolo-scheletrici.<\/li>\n<li>Ridurre l\u2019assenteismo e migliorare l\u2019attrattiva dell\u2019azienda integrando una misura divertente e stimolante di \u201csalute e sicurezza sul lavoro\u201d.<\/li>\n<\/ul>\n\n<\/div>\n<div id=\"tab_informazioni-pratiche\" class=\"panel entry-content\" role=\"tabpanel\" aria-labelledby=\"tab-informazioni-pratiche\">\n\n<ul>\n<li>Numero di partecipanti: tra 65 e 85 persone per giornata di formazione<\/li>\n<li>Durata: diversi anni<\/li>\n<li>Luogo: presso la vostra sede<\/li>\n<li>Lingua: francese, tedesco, inglese, italiano<\/li>\n<li>Prezzi e dettagli: chiedeteci un preventivo gratuito e non vincolante.<\/li>\n<\/ul>\n\n<\/div>\n<div id=\"tab_video\" class=\"panel entry-content\" role=\"tabpanel\" aria-labelledby=\"tab-video\">\n\n<div class=\"video video-fit mb\" style=\"padding-top:56.25%;\"><p><iframe loading=\"lazy\" title=\"Preventing accidents and back pain\" width=\"1020\" height=\"574\" src=\"https:\/\/www.youtube.com\/embed\/XUHn-4oce0Q?feature=oembed\" frameborder=\"0\" allow=\"accelerometer; autoplay; clipboard-write; encrypted-media; gyroscope; picture-in-picture; web-share\" referrerpolicy=\"strict-origin-when-cross-origin\" allowfullscreen><\/iframe><\/p>\n<\/div>\n\n\n<\/div><\/div><\/div>\n\t<div id=\"gap-777304152\" class=\"gap-element clearfix\" style=\"display:block; height:auto;\">\n\t\t\n<style>\n#gap-777304152 {\n  padding-top: 40px;\n}\n<\/style>\n\t<\/div>\n\t\n\n\n\t\t<\/div>\n\t\t\t\t\n<style>\n#col-742293033 > .col-inner {\n  padding: 0% 10% 0% 10%;\n}\n<\/style>\n\t<\/div>\n\n\t\n\n\t<div id=\"col-1081262997\" class=\"col medium-6 small-12 large-6 small-col-first\"  >\n\t\t\t\t<div class=\"col-inner text-center\"  >\n\t\t\t\n\t\t\t\n\n\n  <div class=\"banner has-hover has-parallax\" id=\"banner-2095337409\">\n          <div class=\"banner-inner fill\">\n        <div class=\"banner-bg fill\" data-parallax=\"-3\" data-parallax-container=\".banner\" data-parallax-background>\n            <img loading=\"lazy\" decoding=\"async\" width=\"1020\" height=\"682\" src=\"https:\/\/itao.ch\/wp-content\/uploads\/astuces-pour-rendre-ses-chaussures-moins-glissantes-1024x685.jpg\" class=\"bg attachment-large size-large\" alt=\"\" \/>                                    \n                    <\/div>\n\t\t\n        <div class=\"banner-layers container\">\n            <div class=\"fill banner-link\"><\/div>            \n\n\n        <\/div>\n      <\/div>\n\n            \n<style>\n#banner-2095337409 {\n  padding-top: 80%;\n  background-color: rgb(255,255,255);\n}\n#banner-2095337409 .banner-bg img {\n  object-position: 94% 48%;\n}\n<\/style>\n  <\/div>\n\n\n\n\t\t<\/div>\n\t\t\t\t\t<\/div>\n\n\t\n\n<\/div>","protected":false},"excerpt":{"rendered":"","protected":false},"author":1,"featured_media":0,"parent":0,"menu_order":0,"comment_status":"closed","ping_status":"closed","template":"page-blank.php","meta":{"_exactmetrics_skip_tracking":false,"_exactmetrics_sitenote_active":false,"_exactmetrics_sitenote_note":"","_exactmetrics_sitenote_category":0,"_uf_show_specific_survey":0,"_uf_disable_surveys":false,"iawp_total_views":35,"footnotes":""},"class_list":["post-29575","page","type-page","status-publish","hentry"],"aioseo_notices":[],"_links":{"self":[{"href":"https:\/\/itao.ch\/it\/wp-json\/wp\/v2\/pages\/29575","targetHints":{"allow":["GET"]}}],"collection":[{"href":"https:\/\/itao.ch\/it\/wp-json\/wp\/v2\/pages"}],"about":[{"href":"https:\/\/itao.ch\/it\/wp-json\/wp\/v2\/types\/page"}],"author":[{"embeddable":true,"href":"https:\/\/itao.ch\/it\/wp-json\/wp\/v2\/users\/1"}],"replies":[{"embeddable":true,"href":"https:\/\/itao.ch\/it\/wp-json\/wp\/v2\/comments?post=29575"}],"version-history":[{"count":27,"href":"https:\/\/itao.ch\/it\/wp-json\/wp\/v2\/pages\/29575\/revisions"}],"predecessor-version":[{"id":30817,"href":"https:\/\/itao.ch\/it\/wp-json\/wp\/v2\/pages\/29575\/revisions\/30817"}],"wp:attachment":[{"href":"https:\/\/itao.ch\/it\/wp-json\/wp\/v2\/media?parent=29575"}],"curies":[{"name":"wp","href":"https:\/\/api.w.org\/{rel}","templated":true}]}}