{"id":29366,"date":"2018-04-18T12:20:38","date_gmt":"2018-04-18T10:20:38","guid":{"rendered":"https:\/\/itao.ch\/?page_id=29366"},"modified":"2025-12-17T09:57:04","modified_gmt":"2025-12-17T08:57:04","slug":"prevention-2","status":"publish","type":"page","link":"https:\/\/itao.ch\/en\/prevention-2\/","title":{"rendered":"Prevention"},"content":{"rendered":"<span class=\"scroll-to\" data-label=\"Scroll to: #team\" data-bullet=\"false\" data-link=\"#team\" data-title=\"Team Building\" ><a name=\"team\"><\/a><\/span>\n\n<div class=\"row row-collapse row-full-width align-middle\"  id=\"row-1688217675\">\n\n\n\t<div id=\"col-252815281\" class=\"col medium-6 small-12 large-6\"  >\n\t\t\t\t<div class=\"col-inner text-left\"  >\n\t\t\t\n\t\t\t\n\n\t<div id=\"gap-125193707\" class=\"gap-element clearfix\" style=\"display:block; height:auto;\">\n\t\t\n<style>\n#gap-125193707 {\n  padding-top: 40px;\n}\n<\/style>\n\t<\/div>\n\t\n\n<h2>Personalized Postural Balance Assessment<\/h2>\n<div class=\"is-divider divider clearfix\" style=\"margin-top:1em;margin-bottom:1em;max-width:40px;height:2px;\"><\/div>\n\n<p class=\"lead\">Strengthen your employee&#8217;s stability and offer them the opportunity to measure their balance in only 3 minutes per person.<\/p>\n\t<div id=\"gap-773814827\" class=\"gap-element clearfix\" style=\"display:block; height:auto;\">\n\t\t\n<style>\n#gap-773814827 {\n  padding-top: 20px;\n}\n<\/style>\n\t<\/div>\n\t\n\n\n\t\t<div class=\"tabbed-content\">\n\t\t\t\n\t\t\t<ul class=\"nav nav-divided nav-normal nav-size-large nav-left\" role=\"tablist\"><li id=\"tab-objectives\" class=\"tab active has-icon\" role=\"presentation\"><a href=\"#tab_objectives\" role=\"tab\" aria-selected=\"true\" aria-controls=\"tab_objectives\"><span>Objectives<\/span><\/a><\/li>\n<li id=\"tab-useful-information\" class=\"tab has-icon\" role=\"presentation\"><a href=\"#tab_useful-information\" tabindex=\"-1\" role=\"tab\" aria-selected=\"false\" aria-controls=\"tab_useful-information\"><span>Useful information<\/span><\/a><\/li>\n<li id=\"tab-video\" class=\"tab has-icon\" role=\"presentation\"><a href=\"#tab_video\" tabindex=\"-1\" role=\"tab\" aria-selected=\"false\" aria-controls=\"tab_video\"><span>Video<\/span><\/a><\/li><\/ul><div class=\"tab-panels\"><div id=\"tab_objectives\" class=\"panel active entry-content\" role=\"tabpanel\" aria-labelledby=\"tab-objectives\">\n\n<p>\u2022 Conduct a fun stability evaluation and provide insights on posture quality<\/p>\n<p>\u2022 Transmit a personalized and confidential report including tips for improvement and scores that can be compared between colleagues<\/p>\n<p>\u2022 Offer a fun and scientific approach inspired by the experience of Nintendo\u2019s Wii Balance platform<\/p>\n<p>\u2022 Develop a culture of balance and well-being within your organization<\/p>\n\n<\/div>\n<div id=\"tab_useful-information\" class=\"panel entry-content\" role=\"tabpanel\" aria-labelledby=\"tab-useful-information\">\n\n<ul>\n<li>Number of participants: approx. 100 people per day<\/li>\n<li>Time per participant: approx. 3 minutes<\/li>\n<li>Location: on your premises<\/li>\n<li>Required space : min. 12m\u00b2<\/li>\n<li>Prices and details: ask us for a free, no-obligation quote<\/li>\n<li>Language: French, German, English, Italian<\/li>\n<\/ul>\n\n<\/div>\n<div id=\"tab_video\" class=\"panel entry-content\" role=\"tabpanel\" aria-labelledby=\"tab-video\">\n\n<div class=\"video video-fit mb\" style=\"padding-top:56.25%;\"><iframe loading=\"lazy\" title=\"Better Balance for better health and safety - ITAO SA\" width=\"1020\" height=\"574\" src=\"https:\/\/www.youtube.com\/embed\/Wt_JN3qOoac?feature=oembed\" frameborder=\"0\" allow=\"accelerometer; autoplay; clipboard-write; encrypted-media; gyroscope; picture-in-picture; web-share\" referrerpolicy=\"strict-origin-when-cross-origin\" allowfullscreen><\/iframe><\/div>\n\n\n<\/div><\/div><\/div>\n\t<div id=\"gap-1923133476\" class=\"gap-element clearfix\" style=\"display:block; height:auto;\">\n\t\t\n<style>\n#gap-1923133476 {\n  padding-top: 40px;\n}\n<\/style>\n\t<\/div>\n\t\n\n\n\t\t<\/div>\n\t\t\t\t\n<style>\n#col-252815281 > .col-inner {\n  padding: 0% 10% 0% 10%;\n}\n<\/style>\n\t<\/div>\n\n\t\n\n\t<div id=\"col-499077562\" class=\"col medium-6 small-12 large-6 small-col-first\"  >\n\t\t\t\t<div class=\"col-inner text-center\"  >\n\t\t\t\n\t\t\t\n\n\n  <div class=\"banner has-hover has-parallax\" id=\"banner-97233973\">\n          <div class=\"banner-inner fill\">\n        <div class=\"banner-bg fill\" data-parallax=\"-3\" data-parallax-container=\".banner\" data-parallax-background>\n            <img loading=\"lazy\" decoding=\"async\" width=\"1020\" height=\"765\" src=\"https:\/\/itao.ch\/wp-content\/uploads\/4-1024x768.png\" class=\"bg attachment-large size-large\" alt=\"\" \/>                                    \n                    <\/div>\n\t\t\n        <div class=\"banner-layers container\">\n            <div class=\"fill banner-link\"><\/div>            \n\n\n        <\/div>\n      <\/div>\n\n            \n<style>\n#banner-97233973 {\n  padding-top: 80%;\n  background-color: rgb(255,255,255);\n}\n#banner-97233973 .banner-bg img {\n  object-position: 57% 75%;\n}\n<\/style>\n  <\/div>\n\n\n\n\t\t<\/div>\n\t\t\t\t\t<\/div>\n\n\t\n\n<\/div>\n<span class=\"scroll-to\" data-label=\"Scroll to: #sorties\" data-bullet=\"false\" data-link=\"#sorties\" data-title=\"Corporate Outings\" ><a name=\"sorties\"><\/a><\/span>\n\n<div class=\"row row-collapse row-full-width align-middle\"  id=\"row-1378877126\">\n\n\n\t<div id=\"col-2052766862\" class=\"col medium-6 small-12 large-6 small-col-first\"  >\n\t\t\t\t<div class=\"col-inner text-center\"  >\n\t\t\t\n\t\t\t\n\n\n  <div class=\"banner has-hover has-parallax\" id=\"banner-654031000\">\n          <div class=\"banner-inner fill\">\n        <div class=\"banner-bg fill\" data-parallax=\"-3\" data-parallax-container=\".banner\" data-parallax-background>\n            <img loading=\"lazy\" decoding=\"async\" width=\"1020\" height=\"765\" src=\"https:\/\/itao.ch\/wp-content\/uploads\/IMG_7195-1024x768.jpg\" class=\"bg attachment-large size-large\" alt=\"\" \/>                                    \n                    <\/div>\n\t\t\n        <div class=\"banner-layers container\">\n            <div class=\"fill banner-link\"><\/div>            \n\n\n        <\/div>\n      <\/div>\n\n            \n<style>\n#banner-654031000 {\n  padding-top: 80%;\n  background-color: rgb(255,255,255);\n}\n#banner-654031000 .banner-bg img {\n  object-position: 57% 29%;\n}\n<\/style>\n  <\/div>\n\n\n\n\t\t<\/div>\n\t\t\t\t\t<\/div>\n\n\t\n\n\t<div id=\"col-1323518650\" class=\"col medium-6 small-12 large-6\"  >\n\t\t\t\t<div class=\"col-inner text-left\"  >\n\t\t\t\n\t\t\t\n\n\t<div id=\"gap-1407616648\" class=\"gap-element clearfix\" style=\"display:block; height:auto;\">\n\t\t\n<style>\n#gap-1407616648 {\n  padding-top: 40px;\n}\n<\/style>\n\t<\/div>\n\t\n\n<h2>Balance and Attention Workshop in Movement<\/h2>\n<div class=\"is-divider divider clearfix\" style=\"margin-top:1em;margin-bottom:1em;max-width:40px;height:2px;\"><\/div>\n\n<p>Offer your employees a workshop that combines practical exercises with theoretical insights into health, safety and well-being.<\/p>\n\t<div id=\"gap-1051321411\" class=\"gap-element clearfix\" style=\"display:block; height:auto;\">\n\t\t\n<style>\n#gap-1051321411 {\n  padding-top: 20px;\n}\n<\/style>\n\t<\/div>\n\t\n\n\n\t\t<div class=\"tabbed-content\">\n\t\t\t\n\t\t\t<ul class=\"nav nav-divided nav-normal nav-size-large nav-left\" role=\"tablist\"><li id=\"tab-objectives\" class=\"tab active has-icon\" role=\"presentation\"><a href=\"#tab_objectives\" role=\"tab\" aria-selected=\"true\" aria-controls=\"tab_objectives\"><span>Objectives<\/span><\/a><\/li>\n<li id=\"tab-useful-information\" class=\"tab has-icon\" role=\"presentation\"><a href=\"#tab_useful-information\" tabindex=\"-1\" role=\"tab\" aria-selected=\"false\" aria-controls=\"tab_useful-information\"><span>Useful information<\/span><\/a><\/li>\n<li id=\"tab-vid\u00e9o\" class=\"tab has-icon\" role=\"presentation\"><a href=\"#tab_vid\u00e9o\" tabindex=\"-1\" role=\"tab\" aria-selected=\"false\" aria-controls=\"tab_vid\u00e9o\"><span>Vid\u00e9o<\/span><\/a><\/li><\/ul><div class=\"tab-panels\"><div id=\"tab_objectives\" class=\"panel active entry-content\" role=\"tabpanel\" aria-labelledby=\"tab-objectives\">\n\n<ul>\n<li>Raise awareness among your employees about their balance, mindfulness and vigilance<\/li>\n<li>Support them in improving their attention to lower their risk of professional and non-professional accidents<\/li>\n<li>Provide them with a simple method to prevent accidents, back pain and stress<\/li>\n<li>Equip them with practical tools to integrate easily into their daily routine<\/li>\n<\/ul>\n\n<\/div>\n<div id=\"tab_useful-information\" class=\"panel entry-content\" role=\"tabpanel\" aria-labelledby=\"tab-useful-information\">\n\n<ul>\n<li>Number of participants: 2 to 8 people per workshop (approx. 100 people per day)<\/li>\n<li>Duration per workshop: approx. 20 minutes<\/li>\n<li>Location: on your premises or in a dedicated area<\/li>\n<li>Required space: 30 to 50 m\u00b2<\/li>\n<li>Language: French, German, English, Italian<\/li>\n<\/ul>\n\n<\/div>\n<div id=\"tab_vid\u00e9o\" class=\"panel entry-content\" role=\"tabpanel\" aria-labelledby=\"tab-vid\u00e9o\">\n\n<div class=\"video video-fit mb\" style=\"padding-top:56.25%;\"><p><iframe loading=\"lazy\" title=\"L&#039;\u00e9quilibre pour pr\u00e9server sa sant\u00e9 et am\u00e9lior\u00e9 son bien-\u00eatre\" width=\"1020\" height=\"574\" src=\"https:\/\/www.youtube.com\/embed\/J-0khkmuTOY?feature=oembed\" frameborder=\"0\" allow=\"accelerometer; autoplay; clipboard-write; encrypted-media; gyroscope; picture-in-picture; web-share\" referrerpolicy=\"strict-origin-when-cross-origin\" allowfullscreen><\/iframe><\/p>\n<\/div>\n\n\n<\/div><\/div><\/div>\n\t<div id=\"gap-1999062974\" class=\"gap-element clearfix\" style=\"display:block; height:auto;\">\n\t\t\n<style>\n#gap-1999062974 {\n  padding-top: 40px;\n}\n<\/style>\n\t<\/div>\n\t\n\n\n\t\t<\/div>\n\t\t\t\t\n<style>\n#col-1323518650 > .col-inner {\n  padding: 0% 10% 0% 10%;\n}\n<\/style>\n\t<\/div>\n\n\t\n\n<\/div>\n<div class=\"row row-collapse row-full-width align-middle\"  id=\"row-1768851442\">\n\n\n\t<div id=\"col-173026658\" class=\"col medium-6 small-12 large-6\"  >\n\t\t\t\t<div class=\"col-inner text-left\"  >\n\t\t\t\n\t\t\t\n\n\t<div id=\"gap-572829132\" class=\"gap-element clearfix\" style=\"display:block; height:auto;\">\n\t\t\n<style>\n#gap-572829132 {\n  padding-top: 40px;\n}\n<\/style>\n\t<\/div>\n\t\n\n<h2 id=\"mind\">Stress Management\u00a0<\/h2>\n<div class=\"is-divider divider clearfix\" style=\"margin-top:1em;margin-bottom:1em;max-width:40px;height:2px;\"><\/div>\n\n<p class=\"lead\">Delivered in several stages to bring about a lasting change in behavior, this training program begins with an awareness-raising workshop. Its main aim is to give meaning to the approach and generate motivation. In the second phase, participants are supported in changing their behavior, and the annual follow-up phase helps maintain motivation and integrate new employees into the process.<\/p>\n\t<div id=\"gap-1770351595\" class=\"gap-element clearfix\" style=\"display:block; height:auto;\">\n\t\t\n<style>\n#gap-1770351595 {\n  padding-top: 20px;\n}\n<\/style>\n\t<\/div>\n\t\n\n\n\t\t<div class=\"tabbed-content\">\n\t\t\t\n\t\t\t<ul class=\"nav nav-divided nav-normal nav-size-large nav-left\" role=\"tablist\"><li id=\"tab-objectives\" class=\"tab active has-icon\" role=\"presentation\"><a href=\"#tab_objectives\" role=\"tab\" aria-selected=\"true\" aria-controls=\"tab_objectives\"><span>Objectives<\/span><\/a><\/li>\n<li id=\"tab-useful-information\" class=\"tab has-icon\" role=\"presentation\"><a href=\"#tab_useful-information\" tabindex=\"-1\" role=\"tab\" aria-selected=\"false\" aria-controls=\"tab_useful-information\"><span>Useful information<\/span><\/a><\/li>\n<li id=\"tab-video\" class=\"tab has-icon\" role=\"presentation\"><a href=\"#tab_video\" tabindex=\"-1\" role=\"tab\" aria-selected=\"false\" aria-controls=\"tab_video\"><span>Video<\/span><\/a><\/li><\/ul><div class=\"tab-panels\"><div id=\"tab_objectives\" class=\"panel active entry-content\" role=\"tabpanel\" aria-labelledby=\"tab-objectives\">\n\n<ul>\n<li>Use active mindfulness to calm the heart and nervous system<\/li>\n<li>Learning breathing techniques to release stress and reduce blood pressure<\/li>\n<li>Improve well-being and sleep quality<\/li>\n<li>Reduce absenteeism and improve the attractiveness of the company by integrating a fun and inspiring \u201chealth, safety and well-being at work\u201d approach<\/li>\n<\/ul>\n\n<\/div>\n<div id=\"tab_useful-information\" class=\"panel entry-content\" role=\"tabpanel\" aria-labelledby=\"tab-useful-information\">\n\n<ul>\n<li>Number of participants: between 65 and 85 people per training day<\/li>\n<li>Duration: several years<\/li>\n<li>Location: on your premises<\/li>\n<li>Languages: French, German, English, Italian<\/li>\n<li>Prices and details: ask us for a free, no-obligation quote<\/li>\n<\/ul>\n\n<\/div>\n<div id=\"tab_video\" class=\"panel entry-content\" role=\"tabpanel\" aria-labelledby=\"tab-video\">\n\n<div class=\"video video-fit mb\" style=\"padding-top:56.25%;\"><p><iframe loading=\"lazy\" title=\"Preventing accidents and back pain\" width=\"1020\" height=\"574\" src=\"https:\/\/www.youtube.com\/embed\/XUHn-4oce0Q?feature=oembed\" frameborder=\"0\" allow=\"accelerometer; autoplay; clipboard-write; encrypted-media; gyroscope; picture-in-picture; web-share\" referrerpolicy=\"strict-origin-when-cross-origin\" allowfullscreen><\/iframe><\/p>\n<\/div>\n\n\n<\/div><\/div><\/div>\n\t<div id=\"gap-418862677\" class=\"gap-element clearfix\" style=\"display:block; height:auto;\">\n\t\t\n<style>\n#gap-418862677 {\n  padding-top: 40px;\n}\n<\/style>\n\t<\/div>\n\t\n\n\n\t\t<\/div>\n\t\t\t\t\n<style>\n#col-173026658 > .col-inner {\n  padding: 0% 10% 0% 10%;\n}\n<\/style>\n\t<\/div>\n\n\t\n\n\t<div id=\"col-484421168\" class=\"col medium-6 small-12 large-6 small-col-first\"  >\n\t\t\t\t<div class=\"col-inner text-center\"  >\n\t\t\t\n\t\t\t\n\n\n  <div class=\"banner has-hover has-parallax\" id=\"banner-1763448834\">\n          <div class=\"banner-inner fill\">\n        <div class=\"banner-bg fill\" data-parallax=\"-3\" data-parallax-container=\".banner\" data-parallax-background>\n            <img loading=\"lazy\" decoding=\"async\" width=\"1020\" height=\"574\" src=\"https:\/\/itao.ch\/wp-content\/uploads\/Presence-active-1024x576-1.jpg\" class=\"bg attachment-large size-large\" alt=\"\" \/>                                    \n                    <\/div>\n\t\t\n        <div class=\"banner-layers container\">\n            <div class=\"fill banner-link\"><\/div>            \n\n\n        <\/div>\n      <\/div>\n\n            \n<style>\n#banner-1763448834 {\n  padding-top: 80%;\n  background-color: rgb(255,255,255);\n}\n#banner-1763448834 .banner-bg img {\n  object-position: 37% 68%;\n}\n<\/style>\n  <\/div>\n\n\n\n\t\t<\/div>\n\t\t\t\t\t<\/div>\n\n\t\n\n<\/div>\n<div class=\"row row-collapse row-full-width align-middle\"  id=\"row-1395703291\">\n\n\n\t<div id=\"col-525364992\" class=\"col medium-6 small-12 large-6 small-col-first\"  >\n\t\t\t\t<div class=\"col-inner text-center\"  >\n\t\t\t\n\t\t\t\n\n\n  <div class=\"banner has-hover has-parallax\" id=\"banner-580117489\">\n          <div class=\"banner-inner fill\">\n        <div class=\"banner-bg fill\" data-parallax=\"-3\" data-parallax-container=\".banner\" data-parallax-background>\n            <img loading=\"lazy\" decoding=\"async\" width=\"1000\" height=\"563\" src=\"https:\/\/itao.ch\/wp-content\/uploads\/prevention-accident-1.jpg\" class=\"bg attachment-large size-large\" alt=\"\" \/>                                    \n                    <\/div>\n\t\t\n        <div class=\"banner-layers container\">\n            <div class=\"fill banner-link\"><\/div>            \n\n\n        <\/div>\n      <\/div>\n\n            \n<style>\n#banner-580117489 {\n  padding-top: 80%;\n  background-color: rgb(255,255,255);\n}\n#banner-580117489 .banner-bg img {\n  object-position: 37% 32%;\n}\n<\/style>\n  <\/div>\n\n\n\n\t\t<\/div>\n\t\t\t\t\t<\/div>\n\n\t\n\n\t<div id=\"col-1834272147\" class=\"col medium-6 small-12 large-6\"  >\n\t\t\t\t<div class=\"col-inner text-left\"  >\n\t\t\t\n\t\t\t\n\n\t<div id=\"gap-383991496\" class=\"gap-element clearfix\" style=\"display:block; height:auto;\">\n\t\t\n<style>\n#gap-383991496 {\n  padding-top: 40px;\n}\n<\/style>\n\t<\/div>\n\t\n\n<h2 id=\"backpain\">Reducing back pain<\/h2>\n<div class=\"is-divider divider clearfix\" style=\"margin-top:1em;margin-bottom:1em;max-width:40px;height:2px;\"><\/div>\n\n<p>Delivered in several stages to bring about a lasting change in behavior, this training program begins with an awareness-raising workshop. Its main aim is to give meaning to the approach and generate motivation. In the second phase, participants are supported in changing their behavior, and the annual follow-up phase helps maintain motivation and integrate new employees into the process.<\/p>\n\t<div id=\"gap-2073461109\" class=\"gap-element clearfix\" style=\"display:block; height:auto;\">\n\t\t\n<style>\n#gap-2073461109 {\n  padding-top: 20px;\n}\n<\/style>\n\t<\/div>\n\t\n\n\n\t\t<div class=\"tabbed-content\">\n\t\t\t\n\t\t\t<ul class=\"nav nav-divided nav-normal nav-size-large nav-left\" role=\"tablist\"><li id=\"tab-objectives\" class=\"tab active has-icon\" role=\"presentation\"><a href=\"#tab_objectives\" role=\"tab\" aria-selected=\"true\" aria-controls=\"tab_objectives\"><span>Objectives<\/span><\/a><\/li>\n<li id=\"tab-useful-information\" class=\"tab has-icon\" role=\"presentation\"><a href=\"#tab_useful-information\" tabindex=\"-1\" role=\"tab\" aria-selected=\"false\" aria-controls=\"tab_useful-information\"><span>Useful information<\/span><\/a><\/li>\n<li id=\"tab-vid\u00e9o\" class=\"tab has-icon\" role=\"presentation\"><a href=\"#tab_vid\u00e9o\" tabindex=\"-1\" role=\"tab\" aria-selected=\"false\" aria-controls=\"tab_vid\u00e9o\"><span>Vid\u00e9o<\/span><\/a><\/li><\/ul><div class=\"tab-panels\"><div id=\"tab_objectives\" class=\"panel active entry-content\" role=\"tabpanel\" aria-labelledby=\"tab-objectives\">\n\n<ul>\n<li>Bring more movement into participants\u2019 daily lives<\/li>\n<li>Strengthen stabilizing muscles and flexibility to reduce acute and chronic pain<\/li>\n<li>Improve attention when carrying loads to reduce injuries caused by \u201cfalse movements\u201d.<\/li>\n<li>Reduce absenteeism and improve the attractiveness of the company by integrating a fun and inspiring \u201chealth, safety and well-being at work\u201d approach.<\/li>\n<\/ul>\n\n<\/div>\n<div id=\"tab_useful-information\" class=\"panel entry-content\" role=\"tabpanel\" aria-labelledby=\"tab-useful-information\">\n\n<ul>\n<li>Number of participants: between 65 and 85 people per training day<\/li>\n<li>Duration: several years<\/li>\n<li>Location: on your premises<\/li>\n<li>Languages: French, German, English, Italian<\/li>\n<li>Prices and details: ask us for a free, no-obligation quote<\/li>\n<\/ul>\n\n<\/div>\n<div id=\"tab_vid\u00e9o\" class=\"panel entry-content\" role=\"tabpanel\" aria-labelledby=\"tab-vid\u00e9o\">\n\n<div class=\"video video-fit mb\" style=\"padding-top:56.25%;\"><p><iframe loading=\"lazy\" title=\"Preventing accidents and back pain\" width=\"1020\" height=\"574\" src=\"https:\/\/www.youtube.com\/embed\/XUHn-4oce0Q?feature=oembed\" frameborder=\"0\" allow=\"accelerometer; autoplay; clipboard-write; encrypted-media; gyroscope; picture-in-picture; web-share\" referrerpolicy=\"strict-origin-when-cross-origin\" allowfullscreen><\/iframe><\/p>\n<\/div>\n\n\n<\/div><\/div><\/div>\n\t<div id=\"gap-1421326758\" class=\"gap-element clearfix\" style=\"display:block; height:auto;\">\n\t\t\n<style>\n#gap-1421326758 {\n  padding-top: 40px;\n}\n<\/style>\n\t<\/div>\n\t\n\n\n\t\t<\/div>\n\t\t\t\t\n<style>\n#col-1834272147 > .col-inner {\n  padding: 0% 10% 0% 10%;\n}\n<\/style>\n\t<\/div>\n\n\t\n\n<\/div>\n<div class=\"row row-collapse row-full-width align-middle\"  id=\"row-260513008\">\n\n\n\t<div id=\"col-2130717352\" class=\"col medium-6 small-12 large-6\"  >\n\t\t\t\t<div class=\"col-inner text-left\"  >\n\t\t\t\n\t\t\t\n\n\t<div id=\"gap-1741570812\" class=\"gap-element clearfix\" style=\"display:block; height:auto;\">\n\t\t\n<style>\n#gap-1741570812 {\n  padding-top: 40px;\n}\n<\/style>\n\t<\/div>\n\t\n\n<h2 id=\"related\">Accident prevention<\/h2>\n<div class=\"is-divider divider clearfix\" style=\"margin-top:1em;margin-bottom:1em;max-width:40px;height:2px;\"><\/div>\n\n<p class=\"lead\">Delivered in several stages to bring about a lasting change in behavior, this training program begins with an awareness-raising workshop. Its main aim is to give meaning to the approach and generate motivation. In the second phase, participants are supported in changing their behavior, and the annual follow-up phase helps maintain motivation and integrate new employees into the process.<\/p>\n\t<div id=\"gap-926822229\" class=\"gap-element clearfix\" style=\"display:block; height:auto;\">\n\t\t\n<style>\n#gap-926822229 {\n  padding-top: 20px;\n}\n<\/style>\n\t<\/div>\n\t\n\n\n\t\t<div class=\"tabbed-content\">\n\t\t\t\n\t\t\t<ul class=\"nav nav-divided nav-normal nav-size-large nav-left\" role=\"tablist\"><li id=\"tab-objectives\" class=\"tab active has-icon\" role=\"presentation\"><a href=\"#tab_objectives\" role=\"tab\" aria-selected=\"true\" aria-controls=\"tab_objectives\"><span>Objectives<\/span><\/a><\/li>\n<li id=\"tab-useful-information\" class=\"tab has-icon\" role=\"presentation\"><a href=\"#tab_useful-information\" tabindex=\"-1\" role=\"tab\" aria-selected=\"false\" aria-controls=\"tab_useful-information\"><span>Useful information<\/span><\/a><\/li>\n<li id=\"tab-video\" class=\"tab has-icon\" role=\"presentation\"><a href=\"#tab_video\" tabindex=\"-1\" role=\"tab\" aria-selected=\"false\" aria-controls=\"tab_video\"><span>Video<\/span><\/a><\/li><\/ul><div class=\"tab-panels\"><div id=\"tab_objectives\" class=\"panel active entry-content\" role=\"tabpanel\" aria-labelledby=\"tab-objectives\">\n\n<ul>\n<li>Improve attention and vigilance through greater presence in the moment<\/li>\n<li>Reinforce postural stability and sharpen reflexes to reduce the risk of falls<\/li>\n<li>Increase flexibility and muscle tone to reduce musculoskeletal disorders<\/li>\n<li>Reduce absenteeism and improve the attractiveness of the company by integrating a fun and inspiring \u201chealth and safety at work\u201d measure.<\/li>\n<\/ul>\n\n<\/div>\n<div id=\"tab_useful-information\" class=\"panel entry-content\" role=\"tabpanel\" aria-labelledby=\"tab-useful-information\">\n\n<ul>\n<li>Number of participants: approx. 65 people per day<\/li>\n<li>Location: on your premises<\/li>\n<li>Languages: French, German, English, Italian<\/li>\n<li>Prices and details: ask us for a free, no-obligation quote<\/li>\n<\/ul>\n\n<\/div>\n<div id=\"tab_video\" class=\"panel entry-content\" role=\"tabpanel\" aria-labelledby=\"tab-video\">\n\n<div class=\"video video-fit mb\" style=\"padding-top:56.25%;\"><p><iframe loading=\"lazy\" title=\"Preventing accidents and back pain\" width=\"1020\" height=\"574\" src=\"https:\/\/www.youtube.com\/embed\/XUHn-4oce0Q?feature=oembed\" frameborder=\"0\" allow=\"accelerometer; autoplay; clipboard-write; encrypted-media; gyroscope; picture-in-picture; web-share\" referrerpolicy=\"strict-origin-when-cross-origin\" allowfullscreen><\/iframe><\/p>\n<\/div>\n\n\n<\/div><\/div><\/div>\n\t<div id=\"gap-279858533\" class=\"gap-element clearfix\" style=\"display:block; height:auto;\">\n\t\t\n<style>\n#gap-279858533 {\n  padding-top: 40px;\n}\n<\/style>\n\t<\/div>\n\t\n\n\n\t\t<\/div>\n\t\t\t\t\n<style>\n#col-2130717352 > .col-inner {\n  padding: 0% 10% 0% 10%;\n}\n<\/style>\n\t<\/div>\n\n\t\n\n\t<div id=\"col-662268020\" class=\"col medium-6 small-12 large-6 small-col-first\"  >\n\t\t\t\t<div class=\"col-inner text-center\"  >\n\t\t\t\n\t\t\t\n\n\n  <div class=\"banner has-hover has-parallax\" id=\"banner-845334229\">\n          <div class=\"banner-inner fill\">\n        <div class=\"banner-bg fill\" data-parallax=\"-3\" data-parallax-container=\".banner\" data-parallax-background>\n            <img loading=\"lazy\" decoding=\"async\" width=\"1020\" height=\"682\" src=\"https:\/\/itao.ch\/wp-content\/uploads\/astuces-pour-rendre-ses-chaussures-moins-glissantes-1024x685.jpg\" class=\"bg attachment-large size-large\" alt=\"\" \/>                                    \n                    <\/div>\n\t\t\n        <div class=\"banner-layers container\">\n            <div class=\"fill banner-link\"><\/div>            \n\n\n        <\/div>\n      <\/div>\n\n            \n<style>\n#banner-845334229 {\n  padding-top: 80%;\n  background-color: rgb(255,255,255);\n}\n#banner-845334229 .banner-bg img {\n  object-position: 48% 72%;\n}\n<\/style>\n  <\/div>\n\n\n\n\t\t<\/div>\n\t\t\t\t\t<\/div>\n\n\t\n\n<\/div>\n<span class=\"scroll-to\" data-label=\"Scroll to: #leadership\" data-bullet=\"false\" data-link=\"#leadership\" data-title=\"Event Animations\" ><a name=\"leadership\"><\/a><\/span>\n\n<span class=\"scroll-to\" data-label=\"Scroll to: #street\" data-bullet=\"false\" data-link=\"#street\" data-title=\"Street Marketing\" ><a name=\"street\"><\/a><\/span>","protected":false},"excerpt":{"rendered":"","protected":false},"author":1,"featured_media":0,"parent":0,"menu_order":0,"comment_status":"closed","ping_status":"closed","template":"page-blank.php","meta":{"_exactmetrics_skip_tracking":false,"_exactmetrics_sitenote_active":false,"_exactmetrics_sitenote_note":"","_exactmetrics_sitenote_category":0,"_uf_show_specific_survey":0,"_uf_disable_surveys":false,"iawp_total_views":75,"footnotes":""},"class_list":["post-29366","page","type-page","status-publish","hentry"],"aioseo_notices":[],"_links":{"self":[{"href":"https:\/\/itao.ch\/en\/wp-json\/wp\/v2\/pages\/29366","targetHints":{"allow":["GET"]}}],"collection":[{"href":"https:\/\/itao.ch\/en\/wp-json\/wp\/v2\/pages"}],"about":[{"href":"https:\/\/itao.ch\/en\/wp-json\/wp\/v2\/types\/page"}],"author":[{"embeddable":true,"href":"https:\/\/itao.ch\/en\/wp-json\/wp\/v2\/users\/1"}],"replies":[{"embeddable":true,"href":"https:\/\/itao.ch\/en\/wp-json\/wp\/v2\/comments?post=29366"}],"version-history":[{"count":40,"href":"https:\/\/itao.ch\/en\/wp-json\/wp\/v2\/pages\/29366\/revisions"}],"predecessor-version":[{"id":30815,"href":"https:\/\/itao.ch\/en\/wp-json\/wp\/v2\/pages\/29366\/revisions\/30815"}],"wp:attachment":[{"href":"https:\/\/itao.ch\/en\/wp-json\/wp\/v2\/media?parent=29366"}],"curies":[{"name":"wp","href":"https:\/\/api.w.org\/{rel}","templated":true}]}}