{"id":30857,"date":"2026-02-23T10:58:39","date_gmt":"2026-02-23T09:58:39","guid":{"rendered":"https:\/\/itao.ch\/?page_id=30857"},"modified":"2026-03-25T11:17:01","modified_gmt":"2026-03-25T10:17:01","slug":"usere-ausbildungen","status":"publish","type":"page","link":"https:\/\/itao.ch\/de\/usere-ausbildungen\/","title":{"rendered":"Performance et productivit\u00e9"},"content":{"rendered":"<div class=\"container section-title-container\" ><h1 class=\"section-title section-title-center\"><b><\/b><span class=\"section-title-main\" style=\"color:#ef782c;\">RELATIONALE AGILIT\u00c4T ST\u00c4RKEN<\/span><b><\/b><\/h1><\/div>\n\n\t<div id=\"text-2316366927\" class=\"text\">\n\t\t\n\n<p class=\"lead\">Diese Schulungen, die Praxis und Theorie verbinden, bieten ein Eintauchen in das Verst\u00e4ndnis menschlicher Verhaltensweisen und f\u00f6rdern die Entwicklung von Beziehungskompetenz und Agilit\u00e4t.<\/p>\n\t\t\n<style>\n#text-2316366927 {\n  font-size: 1.25rem;\n  text-align: center;\n}\n<\/style>\n\t<\/div>\n\t\n\t<div id=\"gap-1008629303\" class=\"gap-element clearfix\" style=\"display:block; height:auto;\">\n\t\t\n<style>\n#gap-1008629303 {\n  padding-top: 30px;\n}\n<\/style>\n\t<\/div>\n\t\n\n<span class=\"scroll-to\" data-label=\"Scroll to: #L&#039;\u00e9quilibre pour sa sant\u00e9\" data-bullet=\"false\" data-link=\"#L&#039;\u00e9quilibre pour sa sant\u00e9\" data-title=\"L&#039;\u00e9quilibre pour sa sant\u00e9\" ><a name=\"L&#039;\u00e9quilibre pour sa sant\u00e9\"><\/a><\/span>\n\n<div class=\"row row-collapse row-full-width align-middle\"  id=\"row-642316533\">\n\n\n\t<div id=\"col-2062070745\" class=\"col medium-6 small-12 large-6\"  >\n\t\t\t\t<div class=\"col-inner text-left\"  >\n\t\t\t\n\t\t\t\n\n<h2>Kollaborative Dynamik<\/h2>\n<div class=\"is-divider divider clearfix\" style=\"margin-top:1em;margin-bottom:1em;max-width:40px;height:2px;\"><\/div>\n\n\n\t\t<div class=\"tabbed-content\">\n\t\t\t\n\t\t\t<ul class=\"nav nav-divided nav-normal nav-size-large nav-left\" role=\"tablist\"><li id=\"tab-ziele\" class=\"tab active has-icon\" role=\"presentation\"><a href=\"#tab_ziele\" role=\"tab\" aria-selected=\"true\" aria-controls=\"tab_ziele\"><span>Ziele<\/span><\/a><\/li>\n<li id=\"tab-praktische-informationen\" class=\"tab has-icon\" role=\"presentation\"><a href=\"#tab_praktische-informationen\" tabindex=\"-1\" role=\"tab\" aria-selected=\"false\" aria-controls=\"tab_praktische-informationen\"><span>Praktische Informationen<\/span><\/a><\/li><\/ul><div class=\"tab-panels\"><div id=\"tab_ziele\" class=\"panel active entry-content\" role=\"tabpanel\" aria-labelledby=\"tab-ziele\">\n\n<ul>\n<li>Die kollektive Leistungsf\u00e4higkeit durch verbesserte Kommunikation und Zusammenarbeit steigern.<\/li>\n<li>Den Teamzusammenhalt durch eine engagierende gemeinsame Erfahrung f\u00f6rdern.<\/li>\n<li>Ein gemeinsames Verst\u00e4ndnis f\u00fcr die Herausforderungen von Engagement und nachhaltiger Leistung entwickeln.<\/li>\n<li>Konkrete Ma\u00dfnahmen zur Bew\u00e4ltigung der wichtigsten<\/li>\n<li>Teamherausforderungen definieren und deren Umsetzung im Zeitverlauf verfolgen.<\/li>\n<li><a href=\"https:\/\/www.youtube.com\/watch?v=YGJsufYi090\" target=\"_blank\" rel=\"noopener\">Video ansehen<\/a><\/li>\n<\/ul>\n\n<\/div>\n<div id=\"tab_praktische-informationen\" class=\"panel entry-content\" role=\"tabpanel\" aria-labelledby=\"tab-praktische-informationen\">\n\n<ul>\n<li>Anzahl der Teilnehmenden : bis zu 16 Personen<\/li>\n<li>Dauer : 2 bis 3 Tage, verteilt \u00fcber 6 Monate<\/li>\n<li>Follow-up : \u00bd bis 1 Tag j\u00e4hrliche Auffrischung<\/li>\n<li>Ort : in Ihren R\u00e4umlichkeiten oder in einem geeigneten Raum<\/li>\n<li>Sprache : Franz\u00f6sisch und Englisch<\/li>\n<\/ul>\n\n<\/div><\/div><\/div>\n\n\t\t<\/div>\n\t\t\t\t\n<style>\n#col-2062070745 > .col-inner {\n  padding: 0% 10% 0% 10%;\n}\n<\/style>\n\t<\/div>\n\n\t\n\n\t<div id=\"col-1379256767\" class=\"col medium-6 small-12 large-6 small-col-first\"  >\n\t\t\t\t<div class=\"col-inner text-center\"  >\n\t\t\t\n\t\t\t\n\n\n  <div class=\"banner has-hover has-parallax\" id=\"banner-224109973\">\n          <div class=\"banner-inner fill\">\n        <div class=\"banner-bg fill\" data-parallax=\"-3\" data-parallax-container=\".banner\" data-parallax-background>\n            <img loading=\"lazy\" decoding=\"async\" width=\"908\" height=\"753\" src=\"https:\/\/itao.ch\/wp-content\/uploads\/pls.png\" class=\"bg attachment-large size-large\" alt=\"\" \/>                                    \n                    <\/div>\n\t\t\n        <div class=\"banner-layers container\">\n            <div class=\"fill banner-link\"><\/div>            \n\n\n        <\/div>\n      <\/div>\n\n            \n<style>\n#banner-224109973 {\n  padding-top: 80%;\n  background-color: rgb(255,255,255);\n}\n#banner-224109973 .banner-bg img {\n  object-position: 58% 93%;\n}\n<\/style>\n  <\/div>\n\n\n\n\t\t<\/div>\n\t\t\t\t\t<\/div>\n\n\t\n\n<\/div>\n<span class=\"scroll-to\" data-label=\"Scroll to: #Plateforme\" data-bullet=\"false\" data-link=\"#Plateforme\" data-title=\"Age virtuel\" ><a name=\"Plateforme\"><\/a><\/span>\n\n<div class=\"row row-collapse row-full-width align-middle\"  id=\"row-1352740551\">\n\n\n\t<div id=\"col-852425506\" class=\"col medium-6 small-12 large-6\"  >\n\t\t\t\t<div class=\"col-inner text-center\"  >\n\t\t\t\n\t\t\t\n\n\n\n<span id=\"leadership\"\/>\n\n\n  <div class=\"banner has-hover has-parallax\" id=\"banner-863957408\">\n          <div class=\"banner-inner fill\">\n        <div class=\"banner-bg fill\" data-parallax=\"-3\" data-parallax-container=\".banner\" data-parallax-background>\n            <img loading=\"lazy\" decoding=\"async\" width=\"908\" height=\"752\" src=\"https:\/\/itao.ch\/wp-content\/uploads\/plssssssssssss.png\" class=\"bg attachment-large size-large\" alt=\"\" \/>                                    \n                    <\/div>\n\t\t\n        <div class=\"banner-layers container\">\n            <div class=\"fill banner-link\"><\/div>            \n\n\n        <\/div>\n      <\/div>\n\n            \n<style>\n#banner-863957408 {\n  padding-top: 80%;\n  background-color: rgb(255,255,255);\n}\n#banner-863957408 .banner-bg img {\n  object-position: 50% 57%;\n}\n<\/style>\n  <\/div>\n\n\n\n\t\t<\/div>\n\t\t\t\t\t<\/div>\n\n\t\n\n\t<div id=\"col-371946472\" class=\"col medium-6 small-12 large-6\"  >\n\t\t\t\t<div class=\"col-inner text-left\"  >\n\t\t\t\n\t\t\t\n\n<h2>Nachhaltige F\u00fchrung<\/h2>\n<div class=\"is-divider divider clearfix\" style=\"margin-top:1em;margin-bottom:1em;max-width:40px;height:2px;\"><\/div>\n\n\n\t\t<div class=\"tabbed-content\">\n\t\t\t\n\t\t\t<ul class=\"nav nav-divided nav-normal nav-size-large nav-left\" role=\"tablist\"><li id=\"tab-ziele\" class=\"tab active has-icon\" role=\"presentation\"><a href=\"#tab_ziele\" role=\"tab\" aria-selected=\"true\" aria-controls=\"tab_ziele\"><span>Ziele<\/span><\/a><\/li>\n<li id=\"tab-praktische-informationen\" class=\"tab has-icon\" role=\"presentation\"><a href=\"#tab_praktische-informationen\" tabindex=\"-1\" role=\"tab\" aria-selected=\"false\" aria-controls=\"tab_praktische-informationen\"><span>Praktische Informationen<\/span><\/a><\/li><\/ul><div class=\"tab-panels\"><div id=\"tab_ziele\" class=\"panel active entry-content\" role=\"tabpanel\" aria-labelledby=\"tab-ziele\">\n\n<ul>\n<li>Die F\u00fchrungseffektivit\u00e4t st\u00e4rken, indem eine an Kontexte und Teams angepasste Kommunikation und F\u00fchrung entwickelt wird.<\/li>\n<li>Den eigenen F\u00fchrungsstil identifizieren, um die Wirkung und die Effizienz im Alltag zu steigern.<\/li>\n<li>Die kollektive Intelligenz und die Proaktivit\u00e4t durch eine partizipative und verantwortungsf\u00f6rdernde F\u00fchrung st\u00e4rken.<\/li>\n<li>Konkrete Ma\u00dfnahmen umsetzen und nachverfolgen, um die Lerninhalte zu verankern und die Weiterentwicklung der F\u00fchrungspraxis zu begleiten.<\/li>\n<li><a href=\"https:\/\/www.youtube.com\/watch?v=YGJsufYi090\" target=\"_blank\" rel=\"noopener\">Video ansehen<\/a><\/li>\n<\/ul>\n\n<\/div>\n<div id=\"tab_praktische-informationen\" class=\"panel entry-content\" role=\"tabpanel\" aria-labelledby=\"tab-praktische-informationen\">\n\n<ul>\n<li>Anzahl der Teilnehmenden: bis zu 10 Personen<\/li>\n<li>Dauer: 2 bis 3 Tage, verteilt \u00fcber 6 Monate<\/li>\n<li>Follow-up: \u00bd bis 1 Tag j\u00e4hrliche Auffrischung<\/li>\n<li>Ort: in Ihren R\u00e4umlichkeiten oder in einem geeigneten Raum<\/li>\n<\/ul>\n\n<\/div><\/div><\/div>\n\n\t\t<\/div>\n\t\t\t\t\n<style>\n#col-371946472 > .col-inner {\n  padding: 0% 10% 0% 10%;\n}\n<\/style>\n\t<\/div>\n\n\t\n\n<\/div>\n<span class=\"scroll-to\" data-label=\"Scroll to: #construire\" data-bullet=\"false\" data-link=\"#construire\" data-title=\"Construire ensemble\" ><a name=\"construire\"><\/a><\/span>\n\n<div class=\"row row-collapse row-full-width align-middle\"  id=\"row-991209565\">\n\n\n\t<div id=\"col-985072220\" class=\"col medium-6 small-12 large-6\"  >\n\t\t\t\t<div class=\"col-inner text-left\"  >\n\t\t\t\n\t\t\t\n\n<h2 id=\"efficacite\">Vertriebseffektivit\u00e4t<\/h2>\n<div class=\"is-divider divider clearfix\" style=\"margin-top:1em;margin-bottom:1em;max-width:40px;height:2px;\"><\/div>\n\n\n\t\t<div class=\"tabbed-content\">\n\t\t\t\n\t\t\t<ul class=\"nav nav-divided nav-normal nav-size-large nav-left\" role=\"tablist\"><li id=\"tab-ziele\" class=\"tab active has-icon\" role=\"presentation\"><a href=\"#tab_ziele\" role=\"tab\" aria-selected=\"true\" aria-controls=\"tab_ziele\"><span>Ziele<\/span><\/a><\/li>\n<li id=\"tab-praktische-informationen\" class=\"tab has-icon\" role=\"presentation\"><a href=\"#tab_praktische-informationen\" tabindex=\"-1\" role=\"tab\" aria-selected=\"false\" aria-controls=\"tab_praktische-informationen\"><span>Praktische Informationen<\/span><\/a><\/li><\/ul><div class=\"tab-panels\"><div id=\"tab_ziele\" class=\"panel active entry-content\" role=\"tabpanel\" aria-labelledby=\"tab-ziele\">\n\n<ul>\n<li>Eine nachhaltige Vertriebseffektivit\u00e4t entwickeln, indem Kommunikation und Verhalten an unterschiedliche Verkaufskontexte angepasst werden.<\/li>\n<li>Die kommerzielle Wirkung st\u00e4rken, indem ein ausgewogenes Zusammenspiel von Haltung, Kompetenzen und Handeln gefunden wird.<\/li>\n<li>Die Vorbereitung und Durchf\u00fchrung von Verkaufsgespr\u00e4chen optimieren, um Klarheit, Selbstvertrauen und Effizienz zu gewinnen.<\/li>\n<li>Langfristige und stabile Kundenbeziehungen aufbauen \u2013 basierend auf qualitativ hochwertiger und situationsgerechter Kommunikation.<\/li>\n<li>Konkrete individuelle Verpflichtungen definieren und nachverfolgen, um die Lerninhalte nachhaltig im Vertriebsalltag zu verankern.<\/li>\n<\/ul>\n\n<\/div>\n<div id=\"tab_praktische-informationen\" class=\"panel entry-content\" role=\"tabpanel\" aria-labelledby=\"tab-praktische-informationen\">\n\n<ul>\n<li>Anzahl der Teilnehmenden: bis zu 10 Personen<\/li>\n<li>Dauer: 2 bis 3 Tage, verteilt \u00fcber 6 Monate<\/li>\n<li>Follow-up: \u00bd bis 1 Tag j\u00e4hrliche Auffrischung<\/li>\n<li>Ort: in Ihren R\u00e4umlichkeiten oder in einem geeigneten Raum<\/li>\n<\/ul>\n\n<\/div><\/div><\/div>\n\n\t\t<\/div>\n\t\t\t\t\n<style>\n#col-985072220 > .col-inner {\n  padding: 0% 10% 0% 10%;\n}\n<\/style>\n\t<\/div>\n\n\t\n\n\t<div id=\"col-1397100350\" class=\"col medium-6 small-12 large-6 small-col-first\"  >\n\t\t\t\t<div class=\"col-inner text-center\"  >\n\t\t\t\n\t\t\t\n\n\n\n<span id=\"efficacit\u00e9\"\/>\n\n\n  <div class=\"banner has-hover has-parallax\" id=\"banner-1817526708\">\n          <div class=\"banner-inner fill\">\n        <div class=\"banner-bg fill\" data-parallax=\"-3\" data-parallax-container=\".banner\" data-parallax-background>\n            <img loading=\"lazy\" decoding=\"async\" width=\"1000\" height=\"563\" src=\"https:\/\/itao.ch\/wp-content\/uploads\/efficacite-commerciale.jpg\" class=\"bg attachment-large size-large\" alt=\"efficacite commerciale\" \/>                                    \n                    <\/div>\n\t\t\n        <div class=\"banner-layers container\">\n            <div class=\"fill banner-link\"><\/div>            \n\n\n        <\/div>\n      <\/div>\n\n            \n<style>\n#banner-1817526708 {\n  padding-top: 75%;\n  background-color: rgb(255,255,255);\n}\n#banner-1817526708 .banner-bg img {\n  object-position: 41% 22%;\n}\n<\/style>\n  <\/div>\n\n\n\n\t\t<\/div>\n\t\t\t\t\t<\/div>\n\n\t\n\n<\/div>\n<span class=\"scroll-to\" data-label=\"Scroll to: #prevention\" data-bullet=\"false\" data-link=\"#prevention\" data-title=\"Pr\u00e9vention des accidents\" ><a name=\"prevention\"><\/a><\/span>","protected":false},"excerpt":{"rendered":"","protected":false},"author":6,"featured_media":0,"parent":0,"menu_order":0,"comment_status":"closed","ping_status":"closed","template":"page-blank.php","meta":{"_exactmetrics_skip_tracking":false,"_exactmetrics_sitenote_active":false,"_exactmetrics_sitenote_note":"","_exactmetrics_sitenote_category":0,"_uf_show_specific_survey":0,"_uf_disable_surveys":false,"iawp_total_views":27,"footnotes":""},"class_list":["post-30857","page","type-page","status-publish","hentry"],"aioseo_notices":[],"_links":{"self":[{"href":"https:\/\/itao.ch\/de\/wp-json\/wp\/v2\/pages\/30857","targetHints":{"allow":["GET"]}}],"collection":[{"href":"https:\/\/itao.ch\/de\/wp-json\/wp\/v2\/pages"}],"about":[{"href":"https:\/\/itao.ch\/de\/wp-json\/wp\/v2\/types\/page"}],"author":[{"embeddable":true,"href":"https:\/\/itao.ch\/de\/wp-json\/wp\/v2\/users\/6"}],"replies":[{"embeddable":true,"href":"https:\/\/itao.ch\/de\/wp-json\/wp\/v2\/comments?post=30857"}],"version-history":[{"count":7,"href":"https:\/\/itao.ch\/de\/wp-json\/wp\/v2\/pages\/30857\/revisions"}],"predecessor-version":[{"id":31277,"href":"https:\/\/itao.ch\/de\/wp-json\/wp\/v2\/pages\/30857\/revisions\/31277"}],"wp:attachment":[{"href":"https:\/\/itao.ch\/de\/wp-json\/wp\/v2\/media?parent=30857"}],"curies":[{"name":"wp","href":"https:\/\/api.w.org\/{rel}","templated":true}]}}