{"id":29423,"date":"2018-08-21T09:19:04","date_gmt":"2018-08-21T07:19:04","guid":{"rendered":"https:\/\/itao.ch\/?page_id=29423"},"modified":"2026-03-25T10:03:05","modified_gmt":"2026-03-25T09:03:05","slug":"usere-ausbildungen-2","status":"publish","type":"page","link":"https:\/\/itao.ch\/de\/usere-ausbildungen-2\/","title":{"rendered":"Sensibilisation et coh\u00e9sion"},"content":{"rendered":"<div class=\"container section-title-container\" ><h1 class=\"section-title section-title-center\"><b><\/b><span class=\"section-title-main\" style=\"color:#ef782c;\">SENSIBILISIEREN DURCH BEWEGUNG<\/span><b><\/b><\/h1><\/div>\n\n\t<div id=\"text-385783301\" class=\"text\">\n\t\t\n\n<p class=\"lead\">Spielerische und motivierende Erlebnisse, bei denen individuelle und kollektive Herausforderungen das Wohlbefinden im Unternehmen f\u00f6rdern.<\/p>\n\t\t\n<style>\n#text-385783301 {\n  font-size: 1.25rem;\n  text-align: center;\n}\n<\/style>\n\t<\/div>\n\t\n<span class=\"scroll-to\" data-label=\"Scroll to: #L&#039;\u00e9quilibre pour sa sant\u00e9\" data-bullet=\"false\" data-link=\"#L&#039;\u00e9quilibre pour sa sant\u00e9\" data-title=\"L&#039;\u00e9quilibre pour sa sant\u00e9\" ><a name=\"L&#039;\u00e9quilibre pour sa sant\u00e9\"><\/a><\/span>\n\n\t<div id=\"gap-119818053\" class=\"gap-element clearfix\" style=\"display:block; height:auto;\">\n\t\t\n<style>\n#gap-119818053 {\n  padding-top: 30px;\n}\n<\/style>\n\t<\/div>\n\t\n\n<div class=\"row row-collapse row-full-width align-middle\"  id=\"row-1245619724\">\n\n\n\t<div id=\"col-1470514376\" class=\"col \u00e9quilibre medium-6 small-12 large-6\"  >\n\t\t\t\t<div class=\"col-inner text-left\"  >\n\t\t\t\n\t\t\t\n\n<h2>Wie alt ist dein Gleichgewicht heute?<\/h2>\n<div class=\"is-divider divider clearfix\" style=\"margin-top:1em;margin-bottom:1em;max-width:40px;height:2px;\"><\/div>\n\n\n\t\t<div class=\"tabbed-content\">\n\t\t\t\n\t\t\t<ul class=\"nav nav-divided nav-normal nav-size-large nav-left\" role=\"tablist\"><li id=\"tab-ziele\" class=\"tab active has-icon\" role=\"presentation\"><a href=\"#tab_ziele\" role=\"tab\" aria-selected=\"true\" aria-controls=\"tab_ziele\"><span>Ziele<\/span><\/a><\/li>\n<li id=\"tab-praktische-informationen\" class=\"tab has-icon\" role=\"presentation\"><a href=\"#tab_praktische-informationen\" tabindex=\"-1\" role=\"tab\" aria-selected=\"false\" aria-controls=\"tab_praktische-informationen\"><span>Praktische Informationen<\/span><\/a><\/li><\/ul><div class=\"tab-panels\"><div id=\"tab_ziele\" class=\"panel active entry-content\" role=\"tabpanel\" aria-labelledby=\"tab-ziele\">\n\n<ul>\n<li>Eine Analyse der Haltung und des Gleichgewichts mithilfe einer Plattform durchf\u00fchren.<\/li>\n<li>Eine individuelle und vertrauliche Auswertung mit personalisierten Empfehlungen und Vergleichswerten bereitstellen.<\/li>\n<li>Wissenschaftliche Pr\u00e4zision mit einer spielerischen Dimension verbinden, um die Erfahrung ansprechend und f\u00fcr alle zug\u00e4nglich zu machen.<\/li>\n<li>Eine einfache Methode zur Pr\u00e4vention von Sturzrisiken und R\u00fcckenschmerzen anbieten.<\/li>\n<li><a href=\"https:\/\/www.youtube.com\/watch?v=E3X1c0Ox8Wo\" target=\"_blank\" rel=\"noopener\">Video ansehen<\/a><\/li>\n<\/ul>\n\n<\/div>\n<div id=\"tab_praktische-informationen\" class=\"panel entry-content\" role=\"tabpanel\" aria-labelledby=\"tab-praktische-informationen\">\n\n<ul>\n<li>Anzahl der Teilnehmenden : ca. 100 Personen pro Tag<\/li>\n<li>Dauer pro Workshop : 3 bis 5 Minuten<\/li>\n<li>Ben\u00f6tigte Fl\u00e4che : 12 m\u00b2<\/li>\n<li>Ort : in Ihren R\u00e4umlichkeiten oder an einem geeigneten Ort<\/li>\n<li>Sprache : Franz\u00f6sisch, Deutsch, Englisch, Italienisch<\/li>\n<\/ul>\n\n<\/div><\/div><\/div>\n\n\t\t<\/div>\n\t\t\t\t\n<style>\n#col-1470514376 > .col-inner {\n  padding: 0% 10% 0% 10%;\n}\n<\/style>\n\t<\/div>\n\n\t\n\n\t<div id=\"col-216735533\" class=\"col medium-6 small-12 large-6 small-col-first\"  >\n\t\t\t\t<div class=\"col-inner text-center\"  >\n\t\t\t\n\t\t\t\n\n\n  <div class=\"banner has-hover has-parallax\" id=\"banner-1945922022\">\n          <div class=\"banner-inner fill\">\n        <div class=\"banner-bg fill\" data-parallax=\"-3\" data-parallax-container=\".banner\" data-parallax-background>\n            <img loading=\"lazy\" decoding=\"async\" width=\"1020\" height=\"765\" src=\"https:\/\/itao.ch\/wp-content\/uploads\/2-1024x768.png\" class=\"bg attachment-large size-large\" alt=\"\" \/>                                    \n                    <\/div>\n\t\t\n        <div class=\"banner-layers container\">\n            <div class=\"fill banner-link\"><\/div>            \n\n\n        <\/div>\n      <\/div>\n\n            \n<style>\n#banner-1945922022 {\n  padding-top: 85%;\n  background-color: rgb(255,255,255);\n}\n#banner-1945922022 .banner-bg img {\n  object-position: 57% 90%;\n}\n<\/style>\n  <\/div>\n\n\n\n\t\t<\/div>\n\t\t\t\t\t<\/div>\n\n\t\n\n<\/div>\n<span class=\"scroll-to\" data-label=\"Scroll to: #Plateforme\" data-bullet=\"false\" data-link=\"#Plateforme\" data-title=\"Age virtuel\" ><a name=\"Plateforme\"><\/a><\/span>\n\n<div class=\"row row-collapse row-full-width align-middle\"  id=\"row-306878578\">\n\n\n\t<div id=\"col-719207795\" class=\"col medium-6 small-12 large-6\"  >\n\t\t\t\t<div class=\"col-inner text-center\"  >\n\t\t\t\n\t\t\t\n\n\n  <div class=\"banner has-hover has-parallax\" id=\"banner-363057961\">\n          <div class=\"banner-inner fill\">\n        <div class=\"banner-bg fill\" data-parallax=\"-3\" data-parallax-container=\".banner\" data-parallax-background>\n            <img loading=\"lazy\" decoding=\"async\" width=\"1020\" height=\"765\" src=\"https:\/\/itao.ch\/wp-content\/uploads\/IMG_7710-1024x768.jpeg\" class=\"bg attachment-large size-large\" alt=\"\" \/>                                    \n                    <\/div>\n\t\t\n        <div class=\"banner-layers container\">\n            <div class=\"fill banner-link\"><\/div>            \n\n\n        <\/div>\n      <\/div>\n\n            \n<style>\n#banner-363057961 {\n  padding-top: 85%;\n  background-color: rgb(255,255,255);\n}\n#banner-363057961 .banner-bg img {\n  object-position: 52% 33%;\n}\n<\/style>\n  <\/div>\n\n\n\n\t\t<\/div>\n\t\t\t\t\t<\/div>\n\n\t\n\n\t<div id=\"col-848899203\" class=\"col plateforme medium-6 small-12 large-6\"  >\n\t\t\t\t<div class=\"col-inner text-left\"  >\n\t\t\t\n\t\t\t\n\n\t<div id=\"gap-666850104\" class=\"gap-element clearfix\" style=\"display:block; height:auto;\">\n\t\t\n<style>\n#gap-666850104 {\n  padding-top: 100px;\n}\n<\/style>\n\t<\/div>\n\t\n\n\n\n<span id=\"plateforme\"\/>\n\n<h2>Gleichgewicht zur F\u00f6rderung von Gesundheit\u00a0<\/h2>\n<div class=\"is-divider divider clearfix\" style=\"margin-top:1em;margin-bottom:1em;max-width:40px;height:2px;\"><\/div>\n\n\n\t\t<div class=\"tabbed-content\">\n\t\t\t\n\t\t\t<ul class=\"nav nav-divided nav-normal nav-size-large nav-left\" role=\"tablist\"><li id=\"tab-ziele\" class=\"tab active has-icon\" role=\"presentation\"><a href=\"#tab_ziele\" role=\"tab\" aria-selected=\"true\" aria-controls=\"tab_ziele\"><span>Ziele<\/span><\/a><\/li>\n<li id=\"tab-praktische-informationen\" class=\"tab has-icon\" role=\"presentation\"><a href=\"#tab_praktische-informationen\" tabindex=\"-1\" role=\"tab\" aria-selected=\"false\" aria-controls=\"tab_praktische-informationen\"><span>Praktische Informationen<\/span><\/a><\/li><\/ul><div class=\"tab-panels\"><div id=\"tab_ziele\" class=\"panel active entry-content\" role=\"tabpanel\" aria-labelledby=\"tab-ziele\">\n\n<ul>\n<li>Einen bewegungsbasierten Workshop anbieten, der die Suche nach Gleichgewicht mit dem Transfer in den Alltag verbindet.<\/li>\n<li>Die Mitarbeitenden f\u00fcr ihr Aufmerksamkeitsniveau sensibilisieren.<\/li>\n<li>Eine einfache und zug\u00e4ngliche Methode zur Pr\u00e4vention von Unf\u00e4llen und R\u00fcckenschmerzen anbieten.<\/li>\n<li><a href=\"https:\/\/www.youtube.com\/watch?v=uqpyzH3fYrw\" target=\"_blank\" rel=\"noopener\">Video ansehen<\/a><\/li>\n<\/ul>\n\n<\/div>\n<div id=\"tab_praktische-informationen\" class=\"panel entry-content\" role=\"tabpanel\" aria-labelledby=\"tab-praktische-informationen\">\n\n<ul>\n<li>Anzahl der Teilnehmenden : ca. 100 Personen pro Tag<\/li>\n<li>Dauer pro Workshop : ca. 30 Minuten<\/li>\n<li>Ort : in Ihren R\u00e4umlichkeiten oder an einem geeigneten Ort<\/li>\n<li>Ben\u00f6tigte Fl\u00e4che : 30 bis 50 m\u00b2<\/li>\n<li>Sprache : Franz\u00f6sisch, Deutsch, Englisch, Italienisch<\/li>\n<\/ul>\n\n<\/div><\/div><\/div>\n\n\t\t<\/div>\n\t\t\t\t\n<style>\n#col-848899203 > .col-inner {\n  padding: 0% 10% 0% 10%;\n}\n<\/style>\n\t<\/div>\n\n\t\n\n<\/div>\n<span class=\"scroll-to\" data-label=\"Scroll to: #construire\" data-bullet=\"false\" data-link=\"#construire\" data-title=\"Construire ensemble\" ><a name=\"construire\"><\/a><\/span>\n\n<div class=\"row row-collapse row-full-width align-middle construire-ensemble\"  id=\"row-928619590\">\n\n\n\t<div id=\"col-1379101768\" class=\"col construire-ensemble medium-6 small-12 large-6\"  >\n\t\t\t\t<div class=\"col-inner text-left\"  >\n\t\t\t\n\t\t\t\n\n\t<div id=\"text-3244492732\" class=\"text const\">\n\t\t\n\n<h2 id=\"efficacite\">Gemeinsam gestalten<\/h2>\n\t\t\t<\/div>\n\t\n<div class=\"is-divider divider clearfix\" style=\"margin-top:1em;margin-bottom:1em;max-width:40px;height:2px;\"><\/div>\n\n\n\t\t<div class=\"tabbed-content\">\n\t\t\t\n\t\t\t<ul class=\"nav nav-divided nav-normal nav-size-large nav-left\" role=\"tablist\"><li id=\"tab-ziele\" class=\"tab active has-icon\" role=\"presentation\"><a href=\"#tab_ziele\" role=\"tab\" aria-selected=\"true\" aria-controls=\"tab_ziele\"><span>Ziele<\/span><\/a><\/li>\n<li id=\"tab-praktische-informationen\" class=\"tab has-icon\" role=\"presentation\"><a href=\"#tab_praktische-informationen\" tabindex=\"-1\" role=\"tab\" aria-selected=\"false\" aria-controls=\"tab_praktische-informationen\"><span>Praktische Informationen<\/span><\/a><\/li><\/ul><div class=\"tab-panels\"><div id=\"tab_ziele\" class=\"panel active entry-content\" role=\"tabpanel\" aria-labelledby=\"tab-ziele\">\n\n<ul>\n<li>Die Kommunikation f\u00f6rdern und den Teamgeist durch eine engagierende und verbindende Aktivit\u00e4t st\u00e4rken.<\/li>\n<li>Jedem Teilnehmenden erm\u00f6glichen, sich voll einzubringen, seine St\u00e4rken zu entfalten und seinen Platz im Team zu finden.<\/li>\n<li>Ein besseres Verst\u00e4ndnis f\u00fcr andere und deren Funktionsweisen entwickeln.<\/li>\n<\/ul>\n\n<\/div>\n<div id=\"tab_praktische-informationen\" class=\"panel entry-content\" role=\"tabpanel\" aria-labelledby=\"tab-praktische-informationen\">\n\n<ul>\n<li>Anzahl der Teilnehmenden : je nach Bedarf<\/li>\n<li>Dauer : ein bis drei Stunden<\/li>\n<li>Ort : in Ihren R\u00e4umlichkeiten oder an einem geeigneten Ort<\/li>\n<li>Sprache : Franz\u00f6sisch, Deutsch, Englisch, Italienisch<\/li>\n<\/ul>\n\n<\/div><\/div><\/div>\n\n\t\t<\/div>\n\t\t\t\t\n<style>\n#col-1379101768 > .col-inner {\n  padding: 0% 10% 0% 10%;\n}\n<\/style>\n\t<\/div>\n\n\t\n\n\t<div id=\"col-44741873\" class=\"col medium-6 small-12 large-6 small-col-first\"  >\n\t\t\t\t<div class=\"col-inner text-center\"  >\n\t\t\t\n\t\t\t\n\n\n\n<span id=\"construire-ensemble\"\/>\n\n\n  <div class=\"banner has-hover has-parallax\" id=\"banner-2123727814\">\n          <div class=\"banner-inner fill\">\n        <div class=\"banner-bg fill\" data-parallax=\"-3\" data-parallax-container=\".banner\" data-parallax-background>\n            <img loading=\"lazy\" decoding=\"async\" width=\"1000\" height=\"750\" src=\"https:\/\/itao.ch\/wp-content\/uploads\/leadership-durable.jpg\" class=\"bg attachment-large size-large\" alt=\"\" \/>                                    \n                    <\/div>\n\t\t\n        <div class=\"banner-layers container\">\n            <div class=\"fill banner-link\"><\/div>            \n\n\n        <\/div>\n      <\/div>\n\n            \n<style>\n#banner-2123727814 {\n  padding-top: 85%;\n  background-color: rgb(255,255,255);\n}\n#banner-2123727814 .banner-bg img {\n  object-position: 41% 22%;\n}\n<\/style>\n  <\/div>\n\n\n\n\t\t<\/div>\n\t\t\t\t\t<\/div>\n\n\t\n\n<\/div>\n<span class=\"scroll-to\" data-label=\"Scroll to: #prevention\" data-bullet=\"false\" data-link=\"#prevention\" data-title=\"Pr\u00e9vention des accidents\" ><a name=\"prevention\"><\/a><\/span>","protected":false},"excerpt":{"rendered":"","protected":false},"author":1,"featured_media":0,"parent":0,"menu_order":0,"comment_status":"closed","ping_status":"closed","template":"page-blank.php","meta":{"_exactmetrics_skip_tracking":false,"_exactmetrics_sitenote_active":false,"_exactmetrics_sitenote_note":"","_exactmetrics_sitenote_category":0,"_uf_show_specific_survey":0,"_uf_disable_surveys":false,"iawp_total_views":226,"footnotes":""},"class_list":["post-29423","page","type-page","status-publish","hentry"],"aioseo_notices":[],"_links":{"self":[{"href":"https:\/\/itao.ch\/de\/wp-json\/wp\/v2\/pages\/29423","targetHints":{"allow":["GET"]}}],"collection":[{"href":"https:\/\/itao.ch\/de\/wp-json\/wp\/v2\/pages"}],"about":[{"href":"https:\/\/itao.ch\/de\/wp-json\/wp\/v2\/types\/page"}],"author":[{"embeddable":true,"href":"https:\/\/itao.ch\/de\/wp-json\/wp\/v2\/users\/1"}],"replies":[{"embeddable":true,"href":"https:\/\/itao.ch\/de\/wp-json\/wp\/v2\/comments?post=29423"}],"version-history":[{"count":58,"href":"https:\/\/itao.ch\/de\/wp-json\/wp\/v2\/pages\/29423\/revisions"}],"predecessor-version":[{"id":31272,"href":"https:\/\/itao.ch\/de\/wp-json\/wp\/v2\/pages\/29423\/revisions\/31272"}],"wp:attachment":[{"href":"https:\/\/itao.ch\/de\/wp-json\/wp\/v2\/media?parent=29423"}],"curies":[{"name":"wp","href":"https:\/\/api.w.org\/{rel}","templated":true}]}}