{"id":29421,"date":"2018-08-21T09:18:33","date_gmt":"2018-08-21T07:18:33","guid":{"rendered":"https:\/\/itao.ch\/?page_id=29421"},"modified":"2025-12-17T09:58:01","modified_gmt":"2025-12-17T08:58:01","slug":"pravention","status":"publish","type":"page","link":"https:\/\/itao.ch\/de\/pravention\/","title":{"rendered":"Pr\u00e4vention"},"content":{"rendered":"<div class=\"row row-collapse row-full-width align-middle\"  id=\"row-1234973237\">\n\n\n\t<div id=\"col-1235728563\" class=\"col medium-6 small-12 large-6 small-col-first\"  >\n\t\t\t\t<div class=\"col-inner text-center\"  >\n\t\t\t\n\t\t\t\n\n\n  <div class=\"banner has-hover has-parallax\" id=\"banner-1534768803\">\n          <div class=\"banner-inner fill\">\n        <div class=\"banner-bg fill\" data-parallax=\"-3\" data-parallax-container=\".banner\" data-parallax-background>\n            <img loading=\"lazy\" decoding=\"async\" width=\"1020\" height=\"765\" src=\"https:\/\/itao.ch\/wp-content\/uploads\/2-1024x768.png\" class=\"bg attachment-large size-large\" alt=\"\" \/>                                    \n                    <\/div>\n\t\t\n        <div class=\"banner-layers container\">\n            <div class=\"fill banner-link\"><\/div>            \n\n\n        <\/div>\n      <\/div>\n\n            \n<style>\n#banner-1534768803 {\n  padding-top: 80%;\n  background-color: rgb(255,255,255);\n}\n#banner-1534768803 .banner-bg img {\n  object-position: 47% 0%;\n}\n<\/style>\n  <\/div>\n\n\n\n\t\t<\/div>\n\t\t\t\t\t<\/div>\n\n\t\n\n\t<div id=\"col-1117159033\" class=\"col medium-6 small-12 large-6\"  >\n\t\t\t\t<div class=\"col-inner text-left\"  >\n\t\t\t\n\t\t\t\n\n\t<div id=\"gap-458141002\" class=\"gap-element clearfix\" style=\"display:block; height:auto;\">\n\t\t\n<style>\n#gap-458141002 {\n  padding-top: 40px;\n}\n<\/style>\n\t<\/div>\n\t\n\n<h2><strong>Personalisierte Haltungs- und Gleichgewichtsanalyse<\/strong><\/h2>\n<div class=\"is-divider divider clearfix\" style=\"margin-top:1em;margin-bottom:1em;max-width:40px;height:2px;\"><\/div>\n\n<p>St\u00e4rken Sie die Balance Ihrer Mitarbeitenden und bieten Sie ihnen die M\u00f6glichkeit, in nur 3 Minuten ihren Gleichgewichtstest durchzuf\u00fchren.<\/p>\n\t<div id=\"gap-1372091136\" class=\"gap-element clearfix\" style=\"display:block; height:auto;\">\n\t\t\n<style>\n#gap-1372091136 {\n  padding-top: 20px;\n}\n<\/style>\n\t<\/div>\n\t\n\n\n\t\t<div class=\"tabbed-content\">\n\t\t\t\n\t\t\t<ul class=\"nav nav-divided nav-normal nav-size-large nav-left\" role=\"tablist\"><li id=\"tab-zielsetzungen\" class=\"tab active has-icon\" role=\"presentation\"><a href=\"#tab_zielsetzungen\" role=\"tab\" aria-selected=\"true\" aria-controls=\"tab_zielsetzungen\"><span>Zielsetzungen<\/span><\/a><\/li>\n<li id=\"tab-n\u00fctzliche-informationen\" class=\"tab has-icon\" role=\"presentation\"><a href=\"#tab_n\u00fctzliche-informationen\" tabindex=\"-1\" role=\"tab\" aria-selected=\"false\" aria-controls=\"tab_n\u00fctzliche-informationen\"><span>N\u00fctzliche Informationen<\/span><\/a><\/li>\n<li id=\"tab-video\" class=\"tab has-icon\" role=\"presentation\"><a href=\"#tab_video\" tabindex=\"-1\" role=\"tab\" aria-selected=\"false\" aria-controls=\"tab_video\"><span>Video<\/span><\/a><\/li><\/ul><div class=\"tab-panels\"><div id=\"tab_zielsetzungen\" class=\"panel active entry-content\" role=\"tabpanel\" aria-labelledby=\"tab-zielsetzungen\">\n\n<ul>\n<li>Durchf\u00fchrung einer Stabilit\u00e4tsbewertung und Information \u00fcber die Qualit\u00e4t der K\u00f6rperhaltung<\/li>\n<li>Versand eines personalisierten und vertraulichen Berichts mit Verbesserungsempfehlungen und Vergleichswerten<\/li>\n<li>Eine spielerische und wissenschaftliche Herangehensweise, inspiriert von der Erfahrung der Nintendo Wii Balance-Plattform<\/li>\n<li>F\u00f6rderung einer starken Gleichgewichtskultur innerhalb Ihres Unternehmens<\/li>\n<\/ul>\n\n<\/div>\n<div id=\"tab_n\u00fctzliche-informationen\" class=\"panel entry-content\" role=\"tabpanel\" aria-labelledby=\"tab-n\u00fctzliche-informationen\">\n\n<ul>\n<li>Teilnehmerzahl: ca. 100 Personen pro Tag<\/li>\n<li>Dauer pro Teilnehmer: ca. 3 Minuten<\/li>\n<li>Ort: in Ihren R\u00e4umlichkeiten oder an einem geeigneten Ort<\/li>\n<li>Ben\u00f6tigte Fl\u00e4che: mindestens 12 m\u00b2<\/li>\n<li>Sprache: Franz\u00f6sisch, Deutsch, Englisch, Italienisch<\/li>\n<\/ul>\n\n<\/div>\n<div id=\"tab_video\" class=\"panel entry-content\" role=\"tabpanel\" aria-labelledby=\"tab-video\">\n\n<div class=\"video video-fit mb\" style=\"padding-top:56.25%;\"><iframe loading=\"lazy\" title=\"Gleichgewitchtsbericht - ITAO AG\" width=\"1020\" height=\"574\" src=\"https:\/\/www.youtube.com\/embed\/E3X1c0Ox8Wo?feature=oembed\" frameborder=\"0\" allow=\"accelerometer; autoplay; clipboard-write; encrypted-media; gyroscope; picture-in-picture; web-share\" referrerpolicy=\"strict-origin-when-cross-origin\" allowfullscreen><\/iframe><\/div>\n\n\n<\/div><\/div><\/div>\n\t<div id=\"gap-244260135\" class=\"gap-element clearfix\" style=\"display:block; height:auto;\">\n\t\t\n<style>\n#gap-244260135 {\n  padding-top: 40px;\n}\n<\/style>\n\t<\/div>\n\t\n\n\n\t\t<\/div>\n\t\t\t\t\n<style>\n#col-1117159033 > .col-inner {\n  padding: 0% 10% 0% 10%;\n}\n<\/style>\n\t<\/div>\n\n\t\n\n<\/div>\n<div class=\"row row-collapse row-full-width align-middle\"  id=\"row-2085527606\">\n\n\n\t<div id=\"col-1081455583\" class=\"col medium-6 small-12 large-6\"  >\n\t\t\t\t<div class=\"col-inner text-left\"  >\n\t\t\t\n\t\t\t\n\n\t<div id=\"gap-1735606134\" class=\"gap-element clearfix\" style=\"display:block; height:auto;\">\n\t\t\n<style>\n#gap-1735606134 {\n  padding-top: 40px;\n}\n<\/style>\n\t<\/div>\n\t\n\n<h2><strong>Workshop \u00abBalance und Aufmerksamkeit\u00bb in Bewegung<\/strong><\/h2>\n<div class=\"is-divider divider clearfix\" style=\"margin-top:1em;margin-bottom:1em;max-width:40px;height:2px;\"><\/div>\n\n<p>Bieten Sie Ihren Mitarbeitenden einen Workshop an, der praktische \u00dcbungen mit theoretischen Erkenntnissen verbindet.<\/p>\n\t<div id=\"gap-782722034\" class=\"gap-element clearfix\" style=\"display:block; height:auto;\">\n\t\t\n<style>\n#gap-782722034 {\n  padding-top: 20px;\n}\n<\/style>\n\t<\/div>\n\t\n\n\n\t\t<div class=\"tabbed-content\">\n\t\t\t\n\t\t\t<ul class=\"nav nav-divided nav-normal nav-size-large nav-left\" role=\"tablist\"><li id=\"tab-zielsetzungen\" class=\"tab active has-icon\" role=\"presentation\"><a href=\"#tab_zielsetzungen\" role=\"tab\" aria-selected=\"true\" aria-controls=\"tab_zielsetzungen\"><span>Zielsetzungen<\/span><\/a><\/li>\n<li id=\"tab-n\u00fctzliche-informationen\" class=\"tab has-icon\" role=\"presentation\"><a href=\"#tab_n\u00fctzliche-informationen\" tabindex=\"-1\" role=\"tab\" aria-selected=\"false\" aria-controls=\"tab_n\u00fctzliche-informationen\"><span>N\u00fctzliche Informationen<\/span><\/a><\/li>\n<li id=\"tab-video\" class=\"tab has-icon\" role=\"presentation\"><a href=\"#tab_video\" tabindex=\"-1\" role=\"tab\" aria-selected=\"false\" aria-controls=\"tab_video\"><span>Video<\/span><\/a><\/li><\/ul><div class=\"tab-panels\"><div id=\"tab_zielsetzungen\" class=\"panel active entry-content\" role=\"tabpanel\" aria-labelledby=\"tab-zielsetzungen\">\n\n<ul>\n<li>Ihre Mitarbeitenden f\u00fcr ihr Gleichgewicht und ihre Aufmerksamkeit sensibilisieren<\/li>\n<li>Ihnen die Bedeutung dieser beiden Faktoren bewusst machen, um das Risiko von beruflichen und ausserberuflichen Unf\u00e4llen aufgrund von Unaufmerksamkeit zu reduzieren<\/li>\n<li>Ihnen eine einfache Methode vermitteln, um Unf\u00e4lle, R\u00fcckenschmerzen und Stress vorzubeugen<\/li>\n<li>Ihnen Werkzeuge mitgeben, damit sie das Gelernte in ihren Alltag integrieren k\u00f6nnen<\/li>\n<\/ul>\n\t<div id=\"gap-629659554\" class=\"gap-element clearfix\" style=\"display:block; height:auto;\">\n\t\t\n<style>\n#gap-629659554 {\n  padding-top: 40px;\n}\n<\/style>\n\t<\/div>\n\t\n\n\n<\/div>\n<div id=\"tab_n\u00fctzliche-informationen\" class=\"panel entry-content\" role=\"tabpanel\" aria-labelledby=\"tab-n\u00fctzliche-informationen\">\n\n<ul>\n<li>Teilnehmerzahl: 2 bis 8 Personen pro Workshop (ca. 100 Personen pro Tag)<\/li>\n<li>Dauer pro Workshop: ca. 20 Minuten<\/li>\n<li>Ort: in Ihren R\u00e4umlichkeiten oder an einem geeigneten Ort<\/li>\n<li>Ben\u00f6tigte Fl\u00e4che: 30 bis 50 m\u00b2<\/li>\n<li>Sprache: Franz\u00f6sisch, Deutsch, Englisch, Italienisch<\/li>\n<\/ul>\n\n<\/div>\n<div id=\"tab_video\" class=\"panel entry-content\" role=\"tabpanel\" aria-labelledby=\"tab-video\">\n\n<div class=\"video video-fit mb\" style=\"padding-top:56.25%;\"><p><iframe loading=\"lazy\" title=\"L&#039;\u00e9quilibre pour pr\u00e9server sa sant\u00e9 et am\u00e9lior\u00e9 son bien-\u00eatre\" width=\"1020\" height=\"574\" src=\"https:\/\/www.youtube.com\/embed\/J-0khkmuTOY?feature=oembed\" frameborder=\"0\" allow=\"accelerometer; autoplay; clipboard-write; encrypted-media; gyroscope; picture-in-picture; web-share\" referrerpolicy=\"strict-origin-when-cross-origin\" allowfullscreen><\/iframe><\/p>\n<\/div>\n\n\n<\/div><\/div><\/div>\n\n\t\t<\/div>\n\t\t\t\t\n<style>\n#col-1081455583 > .col-inner {\n  padding: 0% 10% 0% 10%;\n}\n<\/style>\n\t<\/div>\n\n\t\n\n\t<div id=\"col-587246249\" class=\"col medium-6 small-12 large-6 small-col-first\"  >\n\t\t\t\t<div class=\"col-inner text-center\"  >\n\t\t\t\n\t\t\t\n\n\n  <div class=\"banner has-hover has-parallax\" id=\"banner-280794595\">\n          <div class=\"banner-inner fill\">\n        <div class=\"banner-bg fill\" data-parallax=\"-3\" data-parallax-container=\".banner\" data-parallax-background>\n            <img loading=\"lazy\" decoding=\"async\" width=\"1020\" height=\"765\" src=\"https:\/\/itao.ch\/wp-content\/uploads\/IMG_7195-1024x768.jpg\" class=\"bg attachment-large size-large\" alt=\"\" \/>                                    \n                    <\/div>\n\t\t\n        <div class=\"banner-layers container\">\n            <div class=\"fill banner-link\"><\/div>            \n\n\n        <\/div>\n      <\/div>\n\n            \n<style>\n#banner-280794595 {\n  padding-top: 80%;\n  background-color: rgb(255,255,255);\n}\n#banner-280794595 .banner-bg img {\n  object-position: 12% 92%;\n}\n<\/style>\n  <\/div>\n\n\n\n\t\t<\/div>\n\t\t\t\t\t<\/div>\n\n\t\n\n<\/div>\n<div class=\"row row-collapse row-full-width align-middle\"  id=\"row-2125921447\">\n\n\n\t<div id=\"col-511916774\" class=\"col medium-6 small-12 large-6 small-col-first\"  >\n\t\t\t\t<div class=\"col-inner text-center\"  >\n\t\t\t\n\t\t\t\n\n\n  <div class=\"banner has-hover has-parallax\" id=\"banner-695554785\">\n          <div class=\"banner-inner fill\">\n        <div class=\"banner-bg fill\" data-parallax=\"-3\" data-parallax-container=\".banner\" data-parallax-background>\n            <img loading=\"lazy\" decoding=\"async\" width=\"1020\" height=\"574\" src=\"https:\/\/itao.ch\/wp-content\/uploads\/Presence-active-1024x576-1.jpg\" class=\"bg attachment-large size-large\" alt=\"\" \/>                                    \n                    <\/div>\n\t\t\n        <div class=\"banner-layers container\">\n            <div class=\"fill banner-link\"><\/div>            \n\n\n        <\/div>\n      <\/div>\n\n            \n<style>\n#banner-695554785 {\n  padding-top: 80%;\n  background-color: rgb(255,255,255);\n}\n#banner-695554785 .banner-bg img {\n  object-position: 43% 0%;\n}\n<\/style>\n  <\/div>\n\n\n\n\t\t<\/div>\n\t\t\t\t\t<\/div>\n\n\t\n\n\t<div id=\"col-2015623556\" class=\"col medium-6 small-12 large-6\"  >\n\t\t\t\t<div class=\"col-inner text-left\"  >\n\t\t\t\n\t\t\t\n\n\t<div id=\"gap-748280009\" class=\"gap-element clearfix\" style=\"display:block; height:auto;\">\n\t\t\n<style>\n#gap-748280009 {\n  padding-top: 40px;\n}\n<\/style>\n\t<\/div>\n\t\n\n<h2 id=\"mind\">Stressmanagement<\/h2>\n<div class=\"is-divider divider clearfix\" style=\"margin-top:1em;margin-bottom:1em;max-width:40px;height:2px;\"><\/div>\n\n<p>Diese Ausbildung wird in mehreren Schritten durchgef\u00fchrt, um eine nachhaltige Verhaltens\u00e4nderung herbeizuf\u00fchren. Gestartet wird mit einem Sensibilisierungsworkshop, um den Sinn aufzuzeigen und die Motivation zu f\u00f6rdern. In einer zweiten Phase werden die Teilnehmerinnen und Teilnehmer beim Wandel ihres Verhaltens begleitet und unterst\u00fctzt. Die j\u00e4hrliche Nachverfolgungsphase dient dazu, die Motivation aufrechtzuerhalten und neue Mitarbeitende in den Prozess zu integrieren.<\/p>\n\t<div id=\"gap-1370803927\" class=\"gap-element clearfix\" style=\"display:block; height:auto;\">\n\t\t\n<style>\n#gap-1370803927 {\n  padding-top: 20px;\n}\n<\/style>\n\t<\/div>\n\t\n\n\n\t\t<div class=\"tabbed-content\">\n\t\t\t\n\t\t\t<ul class=\"nav nav-divided nav-normal nav-size-large nav-left\" role=\"tablist\"><li id=\"tab-zielsetzungen\" class=\"tab active has-icon\" role=\"presentation\"><a href=\"#tab_zielsetzungen\" role=\"tab\" aria-selected=\"true\" aria-controls=\"tab_zielsetzungen\"><span>Zielsetzungen<\/span><\/a><\/li>\n<li id=\"tab-n\u00fctzliche-informationen\" class=\"tab has-icon\" role=\"presentation\"><a href=\"#tab_n\u00fctzliche-informationen\" tabindex=\"-1\" role=\"tab\" aria-selected=\"false\" aria-controls=\"tab_n\u00fctzliche-informationen\"><span>N\u00fctzliche Informationen<\/span><\/a><\/li>\n<li id=\"tab-video\" class=\"tab has-icon\" role=\"presentation\"><a href=\"#tab_video\" tabindex=\"-1\" role=\"tab\" aria-selected=\"false\" aria-controls=\"tab_video\"><span>Video<\/span><\/a><\/li><\/ul><div class=\"tab-panels\"><div id=\"tab_zielsetzungen\" class=\"panel active entry-content\" role=\"tabpanel\" aria-labelledby=\"tab-zielsetzungen\">\n\n<ul>\n<li>Aktive Achtsamkeit nutzen, um den Herzschlag und das Nervensystem zu beruhigen<\/li>\n<li>Atemtechniken erlernen, um Stress abzubauen und den Blutdruck zu senken<\/li>\n<li>Das Wohlbefinden und die Schlafqualit\u00e4t verbessern<\/li>\n<li>Reduktion von Fehlzeiten und Verbesserung der Attraktivit\u00e4t des Unternehmens durch Implementierung eines inspirierenden und spielerischen Ansatzes f\u00fcr Gesundheit, Sicherheit und Wohlbefinden<\/li>\n<\/ul>\n\n<\/div>\n<div id=\"tab_n\u00fctzliche-informationen\" class=\"panel entry-content\" role=\"tabpanel\" aria-labelledby=\"tab-n\u00fctzliche-informationen\">\n\n<ul>\n<li>Teilnehmeranzahl: Zwischen 65 und 85 Personen pro Schulungstag<\/li>\n<li>Dauer: Mehrere Jahre<\/li>\n<li>Ort: In Ihren R\u00e4umlichkeiten<\/li>\n<li>Sprachen: Franz\u00f6sisch, Deutsch, Englisch, Italienisch<\/li>\n<li>Preis und Details: Fordern Sie ein kostenloses und unverbindliches Angebot an<\/li>\n<\/ul>\n\n<\/div>\n<div id=\"tab_video\" class=\"panel entry-content\" role=\"tabpanel\" aria-labelledby=\"tab-video\">\n\n<div class=\"video video-fit mb\" style=\"padding-top:50%;\"><p><iframe loading=\"lazy\" title=\"Pr\u00e4ventionsprogramme ITAO AG\" width=\"1020\" height=\"574\" src=\"https:\/\/www.youtube.com\/embed\/O52bHwiWrpA?feature=oembed\" frameborder=\"0\" allow=\"accelerometer; autoplay; clipboard-write; encrypted-media; gyroscope; picture-in-picture; web-share\" referrerpolicy=\"strict-origin-when-cross-origin\" allowfullscreen><\/iframe><\/p>\n<\/div>\n\n\n<\/div><\/div><\/div>\n\t<div id=\"gap-2056907470\" class=\"gap-element clearfix\" style=\"display:block; height:auto;\">\n\t\t\n<style>\n#gap-2056907470 {\n  padding-top: 40px;\n}\n<\/style>\n\t<\/div>\n\t\n\n\n\t\t<\/div>\n\t\t\t\t\n<style>\n#col-2015623556 > .col-inner {\n  padding: 0% 10% 0% 10%;\n}\n<\/style>\n\t<\/div>\n\n\t\n\n<\/div>\n<div class=\"row row-collapse row-full-width align-middle\"  id=\"row-1028934076\">\n\n\n\t<div id=\"col-745326528\" class=\"col medium-6 small-12 large-6\"  >\n\t\t\t\t<div class=\"col-inner text-left\"  >\n\t\t\t\n\t\t\t\n\n\t<div id=\"gap-1966773306\" class=\"gap-element clearfix\" style=\"display:block; height:auto;\">\n\t\t\n<style>\n#gap-1966773306 {\n  padding-top: 40px;\n}\n<\/style>\n\t<\/div>\n\t\n\n<h2 id=\"backpain\">Pr\u00e4vention von R\u00fcckenbeschwerden<\/h2>\n<div class=\"is-divider divider clearfix\" style=\"margin-top:1em;margin-bottom:1em;max-width:40px;height:2px;\"><\/div>\n\n<p>Diese Ausbildung wird in mehreren Schritten durchgef\u00fchrt, um eine nachhaltige Verhaltens\u00e4nderung herbeizuf\u00fchren. Gestartet wird mit einem Sensibilisierungsworkshop, um den Sinn aufzuzeigen und die Motivation zu f\u00f6rdern. In einer zweiten Phase werden die Teilnehmerinnen und Teilnehmer beim Wandel ihres Verhaltens begleitet und unterst\u00fctzt. Die j\u00e4hrliche Nachverfolgungsphase dient dazu, die Motivation aufrechtzuerhalten und neue Mitarbeitende in den Prozess zu integrieren.<\/p>\n\t<div id=\"gap-1802604950\" class=\"gap-element clearfix\" style=\"display:block; height:auto;\">\n\t\t\n<style>\n#gap-1802604950 {\n  padding-top: 20px;\n}\n<\/style>\n\t<\/div>\n\t\n\n\n\t\t<div class=\"tabbed-content\">\n\t\t\t\n\t\t\t<ul class=\"nav nav-divided nav-normal nav-size-large nav-left\" role=\"tablist\"><li id=\"tab-zielsetzungen\" class=\"tab active has-icon\" role=\"presentation\"><a href=\"#tab_zielsetzungen\" role=\"tab\" aria-selected=\"true\" aria-controls=\"tab_zielsetzungen\"><span>Zielsetzungen<\/span><\/a><\/li>\n<li id=\"tab-n\u00fctzliche-informationen\" class=\"tab has-icon\" role=\"presentation\"><a href=\"#tab_n\u00fctzliche-informationen\" tabindex=\"-1\" role=\"tab\" aria-selected=\"false\" aria-controls=\"tab_n\u00fctzliche-informationen\"><span>N\u00fctzliche Informationen<\/span><\/a><\/li>\n<li id=\"tab-video\" class=\"tab has-icon\" role=\"presentation\"><a href=\"#tab_video\" tabindex=\"-1\" role=\"tab\" aria-selected=\"false\" aria-controls=\"tab_video\"><span>Video<\/span><\/a><\/li><\/ul><div class=\"tab-panels\"><div id=\"tab_zielsetzungen\" class=\"panel active entry-content\" role=\"tabpanel\" aria-labelledby=\"tab-zielsetzungen\">\n\n<ul>\n<li>Mehr Bewegung in den Alltag der Teilnehmerinnen und Teilnehmer bringen<\/li>\n<li>St\u00e4rkung der Stabilisationsmuskulatur und Flexibilit\u00e4t zur Reduzierung akuter und chronischer Schmerzen<\/li>\n<li>Verbesserung der Aufmerksamkeit beim Tragen von Lasten, um Verletzungen durch\u00a0<strong>\u00ab<\/strong>falsche Bewegungen<strong>\u00bb\u00a0<\/strong>zu reduzieren<\/li>\n<li>Reduktion von Fehlzeiten\u00a0und Verbesserung der Attraktivit\u00e4t des Unternehmens durch Implementierung eines inspirierenden und spielerischen Ansatzes f\u00fcr Gesundheit, Sicherheit und Wohlbefinden<\/li>\n<\/ul>\n\t<div id=\"gap-1773613692\" class=\"gap-element clearfix\" style=\"display:block; height:auto;\">\n\t\t\n<style>\n#gap-1773613692 {\n  padding-top: 40px;\n}\n<\/style>\n\t<\/div>\n\t\n\n\n<\/div>\n<div id=\"tab_n\u00fctzliche-informationen\" class=\"panel entry-content\" role=\"tabpanel\" aria-labelledby=\"tab-n\u00fctzliche-informationen\">\n\n<ul>\n<li>Teilnehmerzahl: zwischen 65 und 85 Personen pro Schulungstag<\/li>\n<li>Dauer: mehrere Jahre<\/li>\n<li>Ort: in Ihren R\u00e4umlichkeiten<\/li>\n<li>Sprache: Franz\u00f6sisch, Deutsch, Englisch, Italienisch<\/li>\n<li>Preis und Details: Fordern Sie ein kostenloses und unverbindliches Angebot an<\/li>\n<\/ul>\n\n<\/div>\n<div id=\"tab_video\" class=\"panel entry-content\" role=\"tabpanel\" aria-labelledby=\"tab-video\">\n\n<div class=\"video video-fit mb\" style=\"padding-top:50%;\"><p><iframe loading=\"lazy\" title=\"Pr\u00e4ventionsprogramme ITAO AG\" width=\"1020\" height=\"574\" src=\"https:\/\/www.youtube.com\/embed\/O52bHwiWrpA?feature=oembed\" frameborder=\"0\" allow=\"accelerometer; autoplay; clipboard-write; encrypted-media; gyroscope; picture-in-picture; web-share\" referrerpolicy=\"strict-origin-when-cross-origin\" allowfullscreen><\/iframe><\/p>\n<\/div>\n\n\n<\/div><\/div><\/div>\n\n\t\t<\/div>\n\t\t\t\t\n<style>\n#col-745326528 > .col-inner {\n  padding: 0% 10% 0% 10%;\n}\n<\/style>\n\t<\/div>\n\n\t\n\n\t<div id=\"col-1418231297\" class=\"col medium-6 small-12 large-6 small-col-first\"  >\n\t\t\t\t<div class=\"col-inner text-center\"  >\n\t\t\t\n\t\t\t\n\n\n  <div class=\"banner has-hover has-parallax\" id=\"banner-1076822561\">\n          <div class=\"banner-inner fill\">\n        <div class=\"banner-bg fill\" data-parallax=\"-3\" data-parallax-container=\".banner\" data-parallax-background>\n            <img loading=\"lazy\" decoding=\"async\" width=\"1000\" height=\"563\" src=\"https:\/\/itao.ch\/wp-content\/uploads\/prevention-accident-1.jpg\" class=\"bg attachment-large size-large\" alt=\"\" \/>                                    \n                    <\/div>\n\t\t\n        <div class=\"banner-layers container\">\n            <div class=\"fill banner-link\"><\/div>            \n\n\n        <\/div>\n      <\/div>\n\n            \n<style>\n#banner-1076822561 {\n  padding-top: 80%;\n  background-color: rgb(255,255,255);\n}\n#banner-1076822561 .banner-bg img {\n  object-position: 58% 5%;\n}\n<\/style>\n  <\/div>\n\n\n\n\t\t<\/div>\n\t\t\t\t\t<\/div>\n\n\t\n\n<\/div>\n<div class=\"row row-collapse row-full-width align-middle\"  id=\"row-774785357\">\n\n\n\t<div id=\"col-299150062\" class=\"col medium-6 small-12 large-6 small-col-first\"  >\n\t\t\t\t<div class=\"col-inner text-center\"  >\n\t\t\t\n\t\t\t\n\n\n  <div class=\"banner has-hover has-parallax\" id=\"banner-1420360712\">\n          <div class=\"banner-inner fill\">\n        <div class=\"banner-bg fill\" data-parallax=\"-3\" data-parallax-container=\".banner\" data-parallax-background>\n            <img loading=\"lazy\" decoding=\"async\" width=\"1020\" height=\"682\" src=\"https:\/\/itao.ch\/wp-content\/uploads\/astuces-pour-rendre-ses-chaussures-moins-glissantes-1024x685.jpg\" class=\"bg attachment-large size-large\" alt=\"\" \/>                                    \n                    <\/div>\n\t\t\n        <div class=\"banner-layers container\">\n            <div class=\"fill banner-link\"><\/div>            \n\n\n        <\/div>\n      <\/div>\n\n            \n<style>\n#banner-1420360712 {\n  padding-top: 80%;\n  background-color: rgb(255,255,255);\n}\n#banner-1420360712 .banner-bg img {\n  object-position: 73% 15%;\n}\n<\/style>\n  <\/div>\n\n\n\n\t\t<\/div>\n\t\t\t\t\t<\/div>\n\n\t\n\n\t<div id=\"col-148661722\" class=\"col medium-6 small-12 large-6\"  >\n\t\t\t\t<div class=\"col-inner text-left\"  >\n\t\t\t\n\t\t\t\n\n\t<div id=\"gap-994327167\" class=\"gap-element clearfix\" style=\"display:block; height:auto;\">\n\t\t\n<style>\n#gap-994327167 {\n  padding-top: 40px;\n}\n<\/style>\n\t<\/div>\n\t\n\n<h2>Pr\u00e4vention von Berufs- und Nichtberufsunf\u00e4llen<\/h2>\n<div class=\"is-divider divider clearfix\" style=\"margin-top:1em;margin-bottom:1em;max-width:40px;height:2px;\"><\/div>\n\n<p>Diese Ausbildung wird in mehreren Schritten durchgef\u00fchrt, um eine nachhaltige Verhaltens\u00e4nderung herbeizuf\u00fchren. Gestartet wird mit einem Sensibilisierungsworkshop, um den Sinn aufzuzeigen und die Motivation zu f\u00f6rdern. In einer zweiten Phase werden die Teilnehmerinnen und Teilnehmer beim Wandel ihres Verhaltens begleitet und unterst\u00fctzt. Die j\u00e4hrliche Nachverfolgungsphase dient dazu, die Motivation aufrechtzuerhalten und neue Mitarbeitende in den Prozess zu integrieren.<\/p>\n\t<div id=\"gap-242598650\" class=\"gap-element clearfix\" style=\"display:block; height:auto;\">\n\t\t\n<style>\n#gap-242598650 {\n  padding-top: 20px;\n}\n<\/style>\n\t<\/div>\n\t\n\n\n\t\t<div class=\"tabbed-content\">\n\t\t\t\n\t\t\t<ul class=\"nav nav-divided nav-normal nav-size-large nav-left\" role=\"tablist\"><li id=\"tab-zielsetzungen\" class=\"tab active has-icon\" role=\"presentation\"><a href=\"#tab_zielsetzungen\" role=\"tab\" aria-selected=\"true\" aria-controls=\"tab_zielsetzungen\"><span>Zielsetzungen<\/span><\/a><\/li>\n<li id=\"tab-n\u00fctzliche-informationen\" class=\"tab has-icon\" role=\"presentation\"><a href=\"#tab_n\u00fctzliche-informationen\" tabindex=\"-1\" role=\"tab\" aria-selected=\"false\" aria-controls=\"tab_n\u00fctzliche-informationen\"><span>N\u00fctzliche Informationen<\/span><\/a><\/li>\n<li id=\"tab-video\" class=\"tab has-icon\" role=\"presentation\"><a href=\"#tab_video\" tabindex=\"-1\" role=\"tab\" aria-selected=\"false\" aria-controls=\"tab_video\"><span>Video<\/span><\/a><\/li><\/ul><div class=\"tab-panels\"><div id=\"tab_zielsetzungen\" class=\"panel active entry-content\" role=\"tabpanel\" aria-labelledby=\"tab-zielsetzungen\">\n\n<ul>\n<li>Die Aufmerksamkeit und Wachsamkeit durch eine st\u00e4rkere Pr\u00e4senz im Moment erh\u00f6hen<\/li>\n<li>Die Stabilit\u00e4t der K\u00f6rperhaltung st\u00e4rken und die Reflexe sch\u00e4rfen, um das Sturzrisiko zu verringern<\/li>\n<li>Die Flexibilit\u00e4t und den Muskeltonus erh\u00f6hen, um muskuloskelettale Beschwerden zu verringern<\/li>\n<li>Reduktion von Fehlzeiten und Verbesserung der Attraktivit\u00e4t des Unternehmens durch Implementierung einer Massnahme f\u00fcr Gesundheit und Sicherheit am Arbeitsplatz<\/li>\n<\/ul>\n\n<\/div>\n<div id=\"tab_n\u00fctzliche-informationen\" class=\"panel entry-content\" role=\"tabpanel\" aria-labelledby=\"tab-n\u00fctzliche-informationen\">\n\n<ul>\n<li>Teilnehmeranzahl: Etwa 65 Personen pro Tag<\/li>\n<li>Ort: In Ihren R\u00e4umlichkeiten<\/li>\n<li>Sprachen: Franz\u00f6sisch, Deutsch, Englisch, Italienisch<\/li>\n<li>Preis und Details: Fordern Sie ein kostenloses und unverbindliches Angebot an<\/li>\n<\/ul>\n\n<\/div>\n<div id=\"tab_video\" class=\"panel entry-content\" role=\"tabpanel\" aria-labelledby=\"tab-video\">\n\n<div class=\"video video-fit mb\" style=\"padding-top:50%;\"><p><iframe loading=\"lazy\" title=\"Pr\u00e4ventionsprogramme ITAO AG\" width=\"1020\" height=\"574\" src=\"https:\/\/www.youtube.com\/embed\/O52bHwiWrpA?feature=oembed\" frameborder=\"0\" allow=\"accelerometer; autoplay; clipboard-write; encrypted-media; gyroscope; picture-in-picture; web-share\" referrerpolicy=\"strict-origin-when-cross-origin\" allowfullscreen><\/iframe><\/p>\n<\/div>\n\n\n<\/div><\/div><\/div>\n\t<div id=\"gap-1223378528\" class=\"gap-element clearfix\" style=\"display:block; height:auto;\">\n\t\t\n<style>\n#gap-1223378528 {\n  padding-top: 40px;\n}\n<\/style>\n\t<\/div>\n\t\n\n\n\t\t<\/div>\n\t\t\t\t\n<style>\n#col-148661722 > .col-inner {\n  padding: 0% 10% 0% 10%;\n}\n<\/style>\n\t<\/div>\n\n\t\n\n<\/div>","protected":false},"excerpt":{"rendered":"","protected":false},"author":1,"featured_media":0,"parent":0,"menu_order":0,"comment_status":"closed","ping_status":"closed","template":"page-blank.php","meta":{"_exactmetrics_skip_tracking":false,"_exactmetrics_sitenote_active":false,"_exactmetrics_sitenote_note":"","_exactmetrics_sitenote_category":0,"_uf_show_specific_survey":0,"_uf_disable_surveys":false,"iawp_total_views":110,"footnotes":""},"class_list":["post-29421","page","type-page","status-publish","hentry"],"aioseo_notices":[],"_links":{"self":[{"href":"https:\/\/itao.ch\/de\/wp-json\/wp\/v2\/pages\/29421","targetHints":{"allow":["GET"]}}],"collection":[{"href":"https:\/\/itao.ch\/de\/wp-json\/wp\/v2\/pages"}],"about":[{"href":"https:\/\/itao.ch\/de\/wp-json\/wp\/v2\/types\/page"}],"author":[{"embeddable":true,"href":"https:\/\/itao.ch\/de\/wp-json\/wp\/v2\/users\/1"}],"replies":[{"embeddable":true,"href":"https:\/\/itao.ch\/de\/wp-json\/wp\/v2\/comments?post=29421"}],"version-history":[{"count":47,"href":"https:\/\/itao.ch\/de\/wp-json\/wp\/v2\/pages\/29421\/revisions"}],"predecessor-version":[{"id":30816,"href":"https:\/\/itao.ch\/de\/wp-json\/wp\/v2\/pages\/29421\/revisions\/30816"}],"wp:attachment":[{"href":"https:\/\/itao.ch\/de\/wp-json\/wp\/v2\/media?parent=29421"}],"curies":[{"name":"wp","href":"https:\/\/api.w.org\/{rel}","templated":true}]}}